{"id":25460,"date":"2021-01-27T16:53:46","date_gmt":"2021-01-27T15:53:46","guid":{"rendered":"https:\/\/shinobi-rpg.ovh\/annexes\/?page_id=25460"},"modified":"2021-01-27T21:39:57","modified_gmt":"2021-01-27T20:39:57","slug":"pouvoir-kitto","status":"publish","type":"page","link":"https:\/\/shinobi-rpg.ovh\/annexes\/pouvoir-kitto\/","title":{"rendered":"Le pouvoir Kitto"},"content":{"rendered":"\n[et_pb_section fb_built=\u00a0\u00bb1&Prime; admin_label=\u00a0\u00bbAbout Section\u00a0\u00bb _builder_version=\u00a0\u00bb4.7.0&Prime; background_color=\u00a0\u00bb#ffffff\u00a0\u00bb min_height=\u00a0\u00bb360px\u00a0\u00bb custom_padding=\u00a0\u00bb90px||31px|||\u00a0\u00bb locked=\u00a0\u00bboff\u00a0\u00bb][et_pb_row admin_label=\u00a0\u00bbSection Title\u00a0\u00bb _builder_version=\u00a0\u00bb3.25&Prime; custom_margin=\u00a0\u00bb|||\u00a0\u00bb custom_padding=\u00a0\u00bb27px|0px|0px|0px||\u00a0\u00bb locked=\u00a0\u00bboff\u00a0\u00bb][et_pb_column type=\u00a0\u00bb4_4&Prime; _builder_version=\u00a0\u00bb3.25&Prime; custom_padding=\u00a0\u00bb|||\u00a0\u00bb custom_padding__hover=\u00a0\u00bb|||\u00a0\u00bb][et_pb_text admin_label=\u00a0\u00bbTitle\u00a0\u00bb _builder_version=\u00a0\u00bb4.7.0&Prime; text_font=\u00a0\u00bbActor|||on|||||\u00a0\u00bb text_font_size=\u00a0\u00bb24px\u00a0\u00bb header_font=\u00a0\u00bb||||||||\u00a0\u00bb header_text_align=\u00a0\u00bbcenter\u00a0\u00bb header_font_size=\u00a0\u00bb46px\u00a0\u00bb header_2_font=\u00a0\u00bbMontserrat|600||on|||||\u00a0\u00bb header_2_text_align=\u00a0\u00bbcenter\u00a0\u00bb header_2_font_size=\u00a0\u00bb30px\u00a0\u00bb custom_margin=\u00a0\u00bb||5px|\u00a0\u00bb animation_style=\u00a0\u00bbslide\u00a0\u00bb animation_direction=\u00a0\u00bbtop\u00a0\u00bb animation_intensity_slide=\u00a0\u00bb20%\u00a0\u00bb animation_starting_opacity=\u00a0\u00bb100%\u00a0\u00bb]<h1>Le pouvoir Kitto<\/h1>[\/et_pb_text][et_pb_divider show_divider=\u00a0\u00bboff\u00a0\u00bb _builder_version=\u00a0\u00bb3.2&Prime; max_width=\u00a0\u00bb23px\u00a0\u00bb module_alignment=\u00a0\u00bbcenter\u00a0\u00bb animation_style=\u00a0\u00bbslide\u00a0\u00bb animation_direction=\u00a0\u00bbtop\u00a0\u00bb animation_intensity_slide=\u00a0\u00bb20%\u00a0\u00bb animation_starting_opacity=\u00a0\u00bb100%\u00a0\u00bb][\/et_pb_divider][et_pb_text admin_label=\u00a0\u00bbTitle\u00a0\u00bb _builder_version=\u00a0\u00bb3.27.4&Prime; text_font=\u00a0\u00bbMontserrat|300|||||||\u00a0\u00bb text_text_color=\u00a0\u00bb#878787&Prime; text_font_size=\u00a0\u00bb25px\u00a0\u00bb text_line_height=\u00a0\u00bb1.8em\u00a0\u00bb link_font=\u00a0\u00bb||||on|||#f46624|\u00a0\u00bb link_text_color=\u00a0\u00bb#333333&Prime; header_font=\u00a0\u00bb||||||||\u00a0\u00bb header_2_font=\u00a0\u00bbMontserrat|600||on|||||\u00a0\u00bb header_2_text_align=\u00a0\u00bbcenter\u00a0\u00bb header_2_font_size=\u00a0\u00bb30px\u00a0\u00bb text_orientation=\u00a0\u00bbcenter\u00a0\u00bb max_width=\u00a0\u00bb800px\u00a0\u00bb module_alignment=\u00a0\u00bbcenter\u00a0\u00bb custom_margin=\u00a0\u00bb||40px|\u00a0\u00bb animation_style=\u00a0\u00bbslide\u00a0\u00bb animation_direction=\u00a0\u00bbtop\u00a0\u00bb animation_intensity_slide=\u00a0\u00bb20%\u00a0\u00bb animation_starting_opacity=\u00a0\u00bb100%\u00a0\u00bb]<p>Souvent d\u00e9cri\u00e9 et incompris, le clan Kitto poss\u00e8de le pouvoir le plus simple de Shinobi RPG, celui de d\u00e9sactiver une autre capacit\u00e9 h\u00e9r\u00e9ditaire. Voyons ce qu&rsquo;un Kitto peut faire ou non.<\/p>[\/et_pb_text][\/et_pb_column][\/et_pb_row][\/et_pb_section][et_pb_section fb_built=\u00a0\u00bb1&Prime; admin_label=\u00a0\u00bbFeature 02&Prime; _builder_version=\u00a0\u00bb3.22&Prime; background_color=\u00a0\u00bb#f7f7f7&Prime; custom_padding=\u00a0\u00bb130px||130px|\u00a0\u00bb locked=\u00a0\u00bboff\u00a0\u00bb][et_pb_row column_structure=\u00a0\u00bb1_2,1_2&Prime; module_class=\u00a0\u00bb et_pb_row_fullwidth\u00a0\u00bb _builder_version=\u00a0\u00bb4.7.0&Prime; width_tablet=\u00a0\u00bb80%\u00a0\u00bb width_phone=\u00a0\u00bb\u00a0\u00bb width_last_edited=\u00a0\u00bbon|desktop\u00a0\u00bb max_width=\u00a0\u00bb80%\u00a0\u00bb max_width_tablet=\u00a0\u00bb80%\u00a0\u00bb max_width_phone=\u00a0\u00bb\u00a0\u00bb max_width_last_edited=\u00a0\u00bbon|desktop\u00a0\u00bb custom_margin=\u00a0\u00bb|||\u00a0\u00bb hover_enabled=\u00a0\u00bb0&Prime; make_fullwidth=\u00a0\u00bbon\u00a0\u00bb custom_width_px=\u00a0\u00bb1600px\u00a0\u00bb sticky_enabled=\u00a0\u00bb0&Prime;][et_pb_column type=\u00a0\u00bb1_2&Prime; _builder_version=\u00a0\u00bb4.7.0&Prime; custom_padding=\u00a0\u00bb|||\u00a0\u00bb custom_padding__hover=\u00a0\u00bb|||\u00a0\u00bb][et_pb_image src=\u00a0\u00bbhttps:\/\/shinobi-rpg.ovh\/annexes\/wp-content\/uploads\/2021\/01\/clan_kitto_dojutsu.png\u00a0\u00bb _builder_version=\u00a0\u00bb4.7.0&Prime; _module_preset=\u00a0\u00bbdefault\u00a0\u00bb hover_enabled=\u00a0\u00bb0&Prime; alt=\u00a0\u00bbImage repr\u00e9sentant \u00a0\u00bb title_text=\u00a0\u00bbclan_kitto_dojutsu\u00a0\u00bb sticky_enabled=\u00a0\u00bb0&Prime;][\/et_pb_image][\/et_pb_column][et_pb_column type=\u00a0\u00bb1_2&Prime; _builder_version=\u00a0\u00bb3.25&Prime; custom_padding=\u00a0\u00bb|||\u00a0\u00bb custom_padding__hover=\u00a0\u00bb|||\u00a0\u00bb][et_pb_text _builder_version=\u00a0\u00bb4.7.0&Prime; header_font=\u00a0\u00bb||||||||\u00a0\u00bb header_2_font=\u00a0\u00bbMontserrat|600|||||||\u00a0\u00bb header_2_line_height=\u00a0\u00bb1.5em\u00a0\u00bb custom_margin=\u00a0\u00bb||15px|\u00a0\u00bb animation_style=\u00a0\u00bbslide\u00a0\u00bb animation_direction=\u00a0\u00bbleft\u00a0\u00bb animation_intensity_slide=\u00a0\u00bb10%\u00a0\u00bb animation_starting_opacity=\u00a0\u00bb100%\u00a0\u00bb]<h2><span style=\"font-size: x-large; color: #339966;\">Ce qu&rsquo;un Kitto peut faire<\/span><\/h2>[\/et_pb_text][et_pb_text _builder_version=\u00a0\u00bb4.7.0&Prime; text_font=\u00a0\u00bb||||||||\u00a0\u00bb text_font_size=\u00a0\u00bb18px\u00a0\u00bb custom_margin=\u00a0\u00bb|||\u00a0\u00bb custom_padding=\u00a0\u00bb||10px|\u00a0\u00bb animation_style=\u00a0\u00bbslide\u00a0\u00bb animation_direction=\u00a0\u00bbleft\u00a0\u00bb animation_intensity_slide=\u00a0\u00bb10%\u00a0\u00bb animation_starting_opacity=\u00a0\u00bb100%\u00a0\u00bb]<ul style=\"text-align: justify;\">\n<li><span>En observant son adversaire, un Kitto peut<strong> d\u00e9sactiver son pouvoir clanique<\/strong>. Pour cela, il doit pouvoir l&rsquo;observer physiquement.<\/span><\/li>\n<\/ul>\n<ul style=\"text-align: justify;\">\n<li><span>Lorsqu&rsquo;un Kitto regarde un <strong>Fuinjutsu<\/strong>, celui-ci ne peut pas s&rsquo;activer. Pour autant, celui-ci ne\u00a0dispara\u00eet pas. Il arrive que le sceau rel\u00e2che son contenu, cela d\u00e9pend du sceau.<\/span><\/li>\n<\/ul>\n<p style=\"text-align: justify;\"><span><\/span><\/p>\n<ul style=\"text-align: justify;\">\n<li>Par la vue, un Kitto peut emp\u00eacher un <strong>Hattori<\/strong> de fabriquer du poison. Pour autant, il ne peut pas le faire dispara\u00eetre une fois fait.\u00a0<\/li>\n<\/ul>\n<ul style=\"text-align: justify;\">\n<li>Un Kitto <strong>peut emp\u00eacher un Tanuki d&rsquo;utiliser le pouvoir<\/strong> de m\u00e9tamorphose. Si un Tanuki a <strong>model\u00e9 la forme de ses testicules<\/strong>, elles <strong>restent sous cette forme<\/strong>&#8230; Pouvant ainsi l&rsquo;handicaper \u00e9norm\u00e9ment&#8230;<\/li>\n<\/ul>\n<ul style=\"text-align: justify;\">\n<li>Un Kitto <strong>peut supprimer un sceau<\/strong> SI il poss\u00e8de la technique ad\u00e9quate.\u00a0<\/li>\n<\/ul>[\/et_pb_text][\/et_pb_column][\/et_pb_row][\/et_pb_section][et_pb_section fb_built=\u00a0\u00bb1&Prime; prev_background_color=\u00a0\u00bb#f7f7f7&Prime; admin_label=\u00a0\u00bbFeature 03&Prime; _builder_version=\u00a0\u00bb3.22&Prime; custom_padding=\u00a0\u00bb130px||130px|\u00a0\u00bb top_divider_style=\u00a0\u00bbslant\u00a0\u00bb top_divider_height=\u00a0\u00bb60px\u00a0\u00bb top_divider_flip=\u00a0\u00bbhorizontal\u00a0\u00bb locked=\u00a0\u00bboff\u00a0\u00bb][et_pb_row column_structure=\u00a0\u00bb1_2,1_2&Prime; module_class=\u00a0\u00bb et_pb_row_fullwidth\u00a0\u00bb _builder_version=\u00a0\u00bb4.7.0&Prime; width_tablet=\u00a0\u00bb80%\u00a0\u00bb width_phone=\u00a0\u00bb\u00a0\u00bb width_last_edited=\u00a0\u00bbon|desktop\u00a0\u00bb max_width=\u00a0\u00bb80%\u00a0\u00bb max_width_tablet=\u00a0\u00bb80%\u00a0\u00bb max_width_phone=\u00a0\u00bb\u00a0\u00bb max_width_last_edited=\u00a0\u00bbon|desktop\u00a0\u00bb custom_margin=\u00a0\u00bb|||\u00a0\u00bb make_fullwidth=\u00a0\u00bbon\u00a0\u00bb custom_width_px=\u00a0\u00bb1600px\u00a0\u00bb locked=\u00a0\u00bboff\u00a0\u00bb][et_pb_column type=\u00a0\u00bb1_2&Prime; _builder_version=\u00a0\u00bb3.25&Prime; custom_padding=\u00a0\u00bb|||\u00a0\u00bb custom_padding__hover=\u00a0\u00bb|||\u00a0\u00bb][et_pb_text _builder_version=\u00a0\u00bb4.7.0&Prime; header_font=\u00a0\u00bb||||||||\u00a0\u00bb header_2_font=\u00a0\u00bbMontserrat|600|||||||\u00a0\u00bb header_2_text_color=\u00a0\u00bb#e01f45&Prime; header_2_line_height=\u00a0\u00bb1.5em\u00a0\u00bb custom_margin=\u00a0\u00bb||15px|\u00a0\u00bb animation_style=\u00a0\u00bbslide\u00a0\u00bb animation_direction=\u00a0\u00bbright\u00a0\u00bb animation_intensity_slide=\u00a0\u00bb10%\u00a0\u00bb animation_starting_opacity=\u00a0\u00bb100%\u00a0\u00bb]<h2>Ce qu&rsquo;un Kitto ne peut pas faire<\/h2>[\/et_pb_text][et_pb_text _builder_version=\u00a0\u00bb4.7.0&Prime; text_font=\u00a0\u00bb||||||||\u00a0\u00bb text_font_size=\u00a0\u00bb18px\u00a0\u00bb custom_margin=\u00a0\u00bb|||\u00a0\u00bb custom_padding=\u00a0\u00bb||10px|\u00a0\u00bb animation_style=\u00a0\u00bbslide\u00a0\u00bb animation_direction=\u00a0\u00bbleft\u00a0\u00bb animation_intensity_slide=\u00a0\u00bb10%\u00a0\u00bb animation_starting_opacity=\u00a0\u00bb100%\u00a0\u00bb locked=\u00a0\u00bboff\u00a0\u00bb]<ul>\n<li style=\"text-align: justify;\">Un Kitto ne peut pas <strong>d\u00e9truire<\/strong> un <strong>Fuinjutsu<\/strong> par la vue !<\/li>\n<\/ul>\n<ul style=\"text-align: justify;\">\n<li>Un Kitto ne peut<strong> pas porter<\/strong> un <strong>Fuinjutsu<\/strong> !<\/li>\n<\/ul>\n<ul style=\"text-align: justify;\">\n<li>Inocul\u00e9, un Kitto <strong>ne peut pas annuler un poison<\/strong>. Pour lui ou pour un autre. Il doit donc veiller \u00e0 toujours viser un Hattori de son \u0153il pour l&#8217;emp\u00eacher d&rsquo;utiliser son pouvoir h\u00e9r\u00e9ditaire.\u00a0<\/li>\n<\/ul>\n<ul style=\"text-align: justify;\">\n<li>Pour contrer le<strong> pouvoir Miwaku<\/strong>, un Kitto doit vouloir d\u00e9sactiver ce pouvoir pr\u00e9cis\u00e9ment. Il doit donc se douter d&rsquo;une supercherie. Le pouvoir Miwaku<strong> est particuli\u00e8rement r\u00e9sistant<\/strong> \u00e0 ce Dojutsu, s\u00fbrement car il n&rsquo;est pas v\u00e9ritablement h\u00e9r\u00e9ditaire.\u00a0<\/li>\n<\/ul>\n<ul>\n<li style=\"text-align: justify;\">Un Kitto ne fait pas exploser <strong>les bulles d&rsquo;un Sekken <\/strong>en le regardant, il peut cependant emp\u00eacher l&rsquo;individu d&rsquo;en fabriquer et de pouvoir les guider \u00e0 distance.<\/li>\n<\/ul>\n<ul>\n<li style=\"text-align: justify;\">Un Kitto ne peut pas d\u00e9ranger <strong>l&rsquo;immortalit\u00e9 d&rsquo;un Kenketsu<\/strong> en l&rsquo;observant. Cependant, il peut l&#8217;emp\u00eacher d&rsquo;utiliser sa capacit\u00e9 \u00e0 user du sang et perturber sa r\u00e9g\u00e9n\u00e9ration naturelle <em>(plus importante chez les Kenketsu)<\/em> ! Certains estiment qu&rsquo;un<strong> Kenketsu peut vieillir<\/strong> en \u00e9tant observ\u00e9 par un Kitto, mais cela n&rsquo;a jamais \u00e9t\u00e9 test\u00e9 suffisamment longtemps.\u00a0<\/li>\n<\/ul>\n<p>&nbsp;<\/p>[\/et_pb_text][\/et_pb_column][et_pb_column type=\u00a0\u00bb1_2&Prime; _builder_version=\u00a0\u00bb3.25&Prime; custom_padding=\u00a0\u00bb|||\u00a0\u00bb custom_padding__hover=\u00a0\u00bb|||\u00a0\u00bb][et_pb_image src=\u00a0\u00bbhttps:\/\/shinobi-rpg.ovh\/annexes\/wp-content\/uploads\/2021\/01\/clan_kitto_defaut.png\u00a0\u00bb _builder_version=\u00a0\u00bb4.7.0&Prime; _module_preset=\u00a0\u00bbdefault\u00a0\u00bb hover_enabled=\u00a0\u00bb0&Prime; title_text=\u00a0\u00bbImage repr\u00e9sentant le poiso\u00a0\u00bb sticky_enabled=\u00a0\u00bb0&Prime;][\/et_pb_image][\/et_pb_column][\/et_pb_row][\/et_pb_section]\n","protected":false},"excerpt":{"rendered":"<p>Le pouvoir KittoSouvent d\u00e9cri\u00e9 et incompris, le clan Kitto poss\u00e8de le pouvoir le plus simple de Shinobi RPG, celui de d\u00e9sactiver une autre capacit\u00e9 h\u00e9r\u00e9ditaire. Voyons ce qu&rsquo;un Kitto peut faire ou non.Ce qu&rsquo;un Kitto peut faire En observant son adversaire, un Kitto peut d\u00e9sactiver son pouvoir clanique. Pour cela, il doit pouvoir l&rsquo;observer physiquement. [&hellip;]<\/p>\n","protected":false},"author":1,"featured_media":25477,"parent":0,"menu_order":0,"comment_status":"closed","ping_status":"closed","template":"","meta":{"_et_pb_use_builder":"on","_et_pb_old_content":"","_et_gb_content_width":"","footnotes":""},"class_list":["post-25460","page","type-page","status-publish","has-post-thumbnail","hentry"],"jetpack_sharing_enabled":true,"_links":{"self":[{"href":"https:\/\/shinobi-rpg.ovh\/annexes\/wp-json\/wp\/v2\/pages\/25460","targetHints":{"allow":["GET"]}}],"collection":[{"href":"https:\/\/shinobi-rpg.ovh\/annexes\/wp-json\/wp\/v2\/pages"}],"about":[{"href":"https:\/\/shinobi-rpg.ovh\/annexes\/wp-json\/wp\/v2\/types\/page"}],"author":[{"embeddable":true,"href":"https:\/\/shinobi-rpg.ovh\/annexes\/wp-json\/wp\/v2\/users\/1"}],"replies":[{"embeddable":true,"href":"https:\/\/shinobi-rpg.ovh\/annexes\/wp-json\/wp\/v2\/comments?post=25460"}],"version-history":[{"count":9,"href":"https:\/\/shinobi-rpg.ovh\/annexes\/wp-json\/wp\/v2\/pages\/25460\/revisions"}],"predecessor-version":[{"id":25481,"href":"https:\/\/shinobi-rpg.ovh\/annexes\/wp-json\/wp\/v2\/pages\/25460\/revisions\/25481"}],"wp:featuredmedia":[{"embeddable":true,"href":"https:\/\/shinobi-rpg.ovh\/annexes\/wp-json\/wp\/v2\/media\/25477"}],"wp:attachment":[{"href":"https:\/\/shinobi-rpg.ovh\/annexes\/wp-json\/wp\/v2\/media?parent=25460"}],"curies":[{"name":"wp","href":"https:\/\/api.w.org\/{rel}","templated":true}]}}