{"id":26110,"date":"2021-06-21T11:16:27","date_gmt":"2021-06-21T09:16:27","guid":{"rendered":"https:\/\/shinobi-rpg.ovh\/annexes\/clan-kemuri-copy\/"},"modified":"2023-03-23T17:59:49","modified_gmt":"2023-03-23T16:59:49","slug":"clan-akimichi","status":"publish","type":"page","link":"https:\/\/shinobi-rpg.ovh\/annexes\/clan-akimichi\/","title":{"rendered":"Clan Akimichi"},"content":{"rendered":"<p>[et_pb_section fb_built=&#8221;1&#8243; _builder_version=&#8221;4.7.0&#8243; _module_preset=&#8221;default&#8221; custom_padding=&#8221;4px||22px|||&#8221; global_colors_info=&#8221;{}&#8221; background_color=&#8221;#0a0a0c&#8221;][et_pb_row admin_label=&#8221;Section Title&#8221; _builder_version=&#8221;4.7.0&#8243; custom_margin=&#8221;|||&#8221; custom_padding=&#8221;27px|0px|0px|0px||&#8221; locked=&#8221;off&#8221; global_colors_info=&#8221;{}&#8221;][et_pb_column type=&#8221;4_4&#8243; _builder_version=&#8221;3.25&#8243; custom_padding=&#8221;|||&#8221; global_colors_info=&#8221;{}&#8221; custom_padding__hover=&#8221;|||&#8221;][et_pb_image src=&#8221;https:\/\/shinobi-rpg.ovh\/annexes\/wp-content\/uploads\/2021\/06\/clan_Akimichi.png&#8221; alt=&#8221;Logo du clan Kitto&#8221; title_text=&#8221;clan_Akimichi&#8221; align=&#8221;center&#8221; _builder_version=&#8221;4.9.4&#8243; _module_preset=&#8221;default&#8221; width=&#8221;100px&#8221; global_colors_info=&#8221;{}&#8221;][\/et_pb_image][et_pb_text admin_label=&#8221;Title&#8221; _builder_version=&#8221;4.9.4&#8243; text_font=&#8221;Actor|||on|||||&#8221; text_font_size=&#8221;24px&#8221; header_font=&#8221;||||||||&#8221; header_text_align=&#8221;center&#8221; header_font_size=&#8221;46px&#8221; header_2_font=&#8221;Montserrat|600||on|||||&#8221; header_2_text_align=&#8221;center&#8221; header_2_font_size=&#8221;30px&#8221; custom_margin=&#8221;||5px|&#8221; animation_style=&#8221;slide&#8221; animation_direction=&#8221;top&#8221; animation_intensity_slide=&#8221;20%&#8221; animation_starting_opacity=&#8221;100%&#8221; global_colors_info=&#8221;{}&#8221; header_text_color=&#8221;#efe5d1&#8243; header_2_text_color=&#8221;#FFFFFF&#8221;]<\/p>\n<h1>CLAN AKIMICHI<\/h1>\n<p>[\/et_pb_text][et_pb_text _builder_version=&#8221;4.9.4&#8243; _module_preset=&#8221;default&#8221; text_font=&#8221;Montserrat||||||||&#8221; text_font_size=&#8221;18px&#8221; text_line_height=&#8221;1em&#8221; min_height=&#8221;13.6px&#8221; custom_margin=&#8221;-1px||13px||false|false&#8221; text_font_tablet=&#8221;&#8221; text_font_phone=&#8221;&#8221; text_font_last_edited=&#8221;on|desktop&#8221; global_colors_info=&#8221;{}&#8221;]<\/p>\n<p style=\"text-align: center;\"><span style=\"color: #808080;\"><em>G\u00e9ants de l&#8217;Ouest<\/em><\/span><\/p>\n<p>[\/et_pb_text][et_pb_text admin_label=&#8221;Title&#8221; _builder_version=&#8221;4.7.0&#8243; text_font=&#8221;Montserrat|300|||||||&#8221; text_text_color=&#8221;#efe5d1&#8243; text_font_size=&#8221;23px&#8221; text_line_height=&#8221;1.8em&#8221; link_font=&#8221;||||on|||#f46624|&#8221; link_text_color=&#8221;#333333&#8243; header_font=&#8221;||||||||&#8221; header_2_font=&#8221;Montserrat|600||on|||||&#8221; header_2_text_align=&#8221;center&#8221; header_2_font_size=&#8221;30px&#8221; text_orientation=&#8221;center&#8221; max_width=&#8221;800px&#8221; module_alignment=&#8221;center&#8221; custom_margin=&#8221;||-3px|||&#8221; animation_style=&#8221;slide&#8221; animation_direction=&#8221;top&#8221; animation_intensity_slide=&#8221;20%&#8221; animation_starting_opacity=&#8221;100%&#8221; global_colors_info=&#8221;{}&#8221;]<\/p>\n<p>Le clan Akimichi n&#8217;est qu&#8217;une l\u00e9gende, un vulgaire conte pour effrayer les enfants&#8230; Malgr\u00e9 tout, derri\u00e8re chaque mensonge se cache une part de v\u00e9rit\u00e9&#8230;<\/p>\n<p>[\/et_pb_text][\/et_pb_column][\/et_pb_row][\/et_pb_section][et_pb_section fb_built=&#8221;1&#8243; _builder_version=&#8221;4.10.8&#8243; _module_preset=&#8221;default&#8221; custom_padding=&#8221;70px||155px|||&#8221; global_colors_info=&#8221;{}&#8221; prev_background_color=&#8221;#0a0a0c&#8221; next_background_color=&#8221;#0a0a0c&#8221; background_color=&#8221;#1a1c21&#8243; top_divider_style=&#8221;curve2&#8243; bottom_divider_style=&#8221;curve2&#8243; bottom_divider_flip=&#8221;vertical&#8221; hover_enabled=&#8221;0&#8243; sticky_enabled=&#8221;0&#8243;][et_pb_row admin_label=&#8221;Section Title&#8221; _builder_version=&#8221;4.9.7&#8243; custom_margin=&#8221;22px|auto|45px|auto||&#8221; custom_padding=&#8221;60px|0px|0px|0px||&#8221; locked=&#8221;off&#8221; global_colors_info=&#8221;{}&#8221;][et_pb_column type=&#8221;4_4&#8243; _builder_version=&#8221;3.25&#8243; custom_padding=&#8221;|||&#8221; global_colors_info=&#8221;{}&#8221; custom_padding__hover=&#8221;|||&#8221;][et_pb_text admin_label=&#8221;Title&#8221; _builder_version=&#8221;4.10.8&#8243; text_font=&#8221;Actor|||on|||||&#8221; text_text_color=&#8221;#c4b998&#8243; text_font_size=&#8221;24px&#8221; header_font=&#8221;||||||||&#8221; header_text_align=&#8221;center&#8221; header_font_size=&#8221;46px&#8221; header_2_font=&#8221;Montserrat|600||on|||||&#8221; header_2_text_align=&#8221;center&#8221; header_2_text_color=&#8221;#c4b998&#8243; header_2_font_size=&#8221;38px&#8221; custom_margin=&#8221;||5px|&#8221; animation_style=&#8221;slide&#8221; animation_direction=&#8221;top&#8221; animation_intensity_slide=&#8221;20%&#8221; animation_starting_opacity=&#8221;100%&#8221; global_colors_info=&#8221;{}&#8221;]<\/p>\n<h2>INFORMATIONS<\/h2>\n<p>[\/et_pb_text][et_pb_text _builder_version=&#8221;4.10.8&#8243; _module_preset=&#8221;default&#8221; text_font=&#8221;Montserrat||||||||&#8221; text_text_color=&#8221;#c4b998&#8243; text_font_size=&#8221;18px&#8221; text_line_height=&#8221;1em&#8221; custom_margin=&#8221;-1px||||false|false&#8221; hover_enabled=&#8221;0&#8243; text_font_tablet=&#8221;&#8221; text_font_phone=&#8221;&#8221; text_font_last_edited=&#8221;on|desktop&#8221; global_colors_info=&#8221;{}&#8221; sticky_enabled=&#8221;0&#8243;]<\/p>\n<p style=\"text-align: center;\"><span style=\"color: #808080;\"><em>Entre r\u00e9alit\u00e9 et l\u00e9gende<\/em><\/span><\/p>\n<p>[\/et_pb_text][\/et_pb_column][\/et_pb_row][et_pb_row _builder_version=&#8221;4.7.0&#8243; _module_preset=&#8221;default&#8221; custom_padding=&#8221;||0px|||&#8221; global_colors_info=&#8221;{}&#8221;][et_pb_column type=&#8221;4_4&#8243; _builder_version=&#8221;4.7.0&#8243; _module_preset=&#8221;default&#8221; global_colors_info=&#8221;{}&#8221;][et_pb_text admin_label=&#8221;Title&#8221; _builder_version=&#8221;4.7.0&#8243; text_font=&#8221;Montserrat|300|||||||&#8221; text_text_color=&#8221;#c4b998&#8243; text_font_size=&#8221;23px&#8221; text_line_height=&#8221;1.8em&#8221; link_font=&#8221;||||on|||#f46624|&#8221; link_text_color=&#8221;#333333&#8243; header_font=&#8221;||||||||&#8221; header_text_align=&#8221;left&#8221; header_2_font=&#8221;Montserrat|600||on|||||&#8221; header_2_text_align=&#8221;center&#8221; header_2_font_size=&#8221;30px&#8221; header_3_text_align=&#8221;left&#8221; header_3_font_size=&#8221;25px&#8221; text_orientation=&#8221;center&#8221; module_alignment=&#8221;right&#8221; custom_margin=&#8221;0px||5px|0px|false|false&#8221; custom_padding=&#8221;|||0px||&#8221; animation_style=&#8221;slide&#8221; animation_direction=&#8221;top&#8221; animation_intensity_slide=&#8221;20%&#8221; animation_starting_opacity=&#8221;100%&#8221; locked=&#8221;off&#8221; global_colors_info=&#8221;{}&#8221; header_3_text_color=&#8221;#c4b998&#8243;]<\/p>\n<h3>Son Pouvoir<\/h3>\n<p>[\/et_pb_text][et_pb_text _builder_version=&#8221;4.7.0&#8243; _module_preset=&#8221;default&#8221; text_font=&#8221;Montserrat|300|||||||&#8221; text_text_color=&#8221;#c4b998&#8243; text_font_size=&#8221;18px&#8221; text_line_height=&#8221;1.8em&#8221; global_colors_info=&#8221;{}&#8221;]<\/p>\n<p style=\"text-align: justify;\">Les Akimichi sont consid\u00e9r\u00e9s comme des g\u00e9ants de plus de 4 m\u00e8tres. D&#8217;apr\u00e8s la l\u00e9gende, certains Akimichi pouvaient atteindre plus de 15 m\u00e8tres ! Ils disposent d&#8217;un corps si fort qu&#8217;ils ne craignent strictement rien.\u00a0<\/p>\n<p style=\"text-align: justify;\">\n<p>[\/et_pb_text][\/et_pb_column][\/et_pb_row][et_pb_row _builder_version=&#8221;4.7.0&#8243; _module_preset=&#8221;default&#8221; min_height=&#8221;57px&#8221; custom_margin=&#8221;|auto|3px|auto||&#8221; custom_padding=&#8221;||0px|||&#8221; locked=&#8221;off&#8221; global_colors_info=&#8221;{}&#8221;][et_pb_column type=&#8221;4_4&#8243; _builder_version=&#8221;4.7.0&#8243; _module_preset=&#8221;default&#8221; global_colors_info=&#8221;{}&#8221;][et_pb_text admin_label=&#8221;Title&#8221; _builder_version=&#8221;4.7.0&#8243; text_font=&#8221;Montserrat|300|||||||&#8221; text_text_color=&#8221;#c4b998&#8243; text_font_size=&#8221;23px&#8221; text_line_height=&#8221;1.8em&#8221; link_font=&#8221;||||on|||#f46624|&#8221; link_text_color=&#8221;#333333&#8243; header_font=&#8221;||||||||&#8221; header_text_align=&#8221;left&#8221; header_2_font=&#8221;Montserrat|600||on|||||&#8221; header_2_text_align=&#8221;center&#8221; header_2_font_size=&#8221;30px&#8221; header_3_text_align=&#8221;left&#8221; header_3_font_size=&#8221;25px&#8221; text_orientation=&#8221;center&#8221; module_alignment=&#8221;right&#8221; custom_margin=&#8221;0px||5px|0px|false|false&#8221; custom_padding=&#8221;|||0px||&#8221; animation_style=&#8221;slide&#8221; animation_direction=&#8221;top&#8221; animation_intensity_slide=&#8221;20%&#8221; animation_starting_opacity=&#8221;100%&#8221; locked=&#8221;off&#8221; global_colors_info=&#8221;{}&#8221; header_3_text_color=&#8221;#c4b998&#8243;]<\/p>\n<h3>Sa Culture<\/h3>\n<p>[\/et_pb_text][et_pb_text _builder_version=&#8221;4.7.0&#8243; _module_preset=&#8221;default&#8221; text_font=&#8221;Montserrat|300|||||||&#8221; text_text_color=&#8221;#c4b998&#8243; text_font_size=&#8221;18px&#8221; text_line_height=&#8221;1.8em&#8221; global_colors_info=&#8221;{}&#8221;]<\/p>\n<p style=\"text-align: justify;\">Il est difficile de v\u00e9ritablement revenir sur l&#8217;aspect culturel d&#8217;un clan dor\u00e9navant disparu. Dans les rares \u00e9crits pr\u00e9serv\u00e9s par les guerres, les Akimichi \u00e9taient consid\u00e9r\u00e9s comme des \u00eatres joviaux et tr\u00e8s honn\u00eates. Ils aimaient manger une race bovine \u00e9lev\u00e9e sur les terres de l&#8217;Ouest.\u00a0<\/p>\n<p style=\"text-align: justify;\">Au sein du clan, les Akimichi ob\u00e9issaient \u00e0 une famille bien particuli\u00e8re qui poss\u00e9dait l&#8217;aptitude d&#8217;avoir une long\u00e9vit\u00e9 incroyable (+ de 300 ans !).\u00a0<\/p>\n<p style=\"text-align: justify;\">\n<p>[\/et_pb_text][\/et_pb_column][\/et_pb_row][et_pb_row _builder_version=&#8221;4.7.0&#8243; _module_preset=&#8221;default&#8221; custom_margin=&#8221;22px|auto||auto||&#8221; custom_padding=&#8221;3px||0px|||&#8221; locked=&#8221;off&#8221; global_colors_info=&#8221;{}&#8221;][et_pb_column type=&#8221;4_4&#8243; _builder_version=&#8221;4.7.0&#8243; _module_preset=&#8221;default&#8221; global_colors_info=&#8221;{}&#8221;][et_pb_text admin_label=&#8221;Title&#8221; _builder_version=&#8221;4.7.0&#8243; text_font=&#8221;Montserrat|300|||||||&#8221; text_text_color=&#8221;#c4b998&#8243; text_font_size=&#8221;23px&#8221; text_line_height=&#8221;1.8em&#8221; link_font=&#8221;||||on|||#f46624|&#8221; link_text_color=&#8221;#333333&#8243; header_font=&#8221;||||||||&#8221; header_text_align=&#8221;left&#8221; header_2_font=&#8221;Montserrat|600||on|||||&#8221; header_2_text_align=&#8221;center&#8221; header_2_font_size=&#8221;30px&#8221; header_3_text_align=&#8221;left&#8221; header_3_font_size=&#8221;25px&#8221; text_orientation=&#8221;center&#8221; module_alignment=&#8221;right&#8221; custom_margin=&#8221;0px||5px|0px|false|false&#8221; custom_padding=&#8221;|||0px||&#8221; animation_style=&#8221;slide&#8221; animation_direction=&#8221;top&#8221; animation_intensity_slide=&#8221;20%&#8221; animation_starting_opacity=&#8221;100%&#8221; locked=&#8221;off&#8221; global_colors_info=&#8221;{}&#8221; header_3_text_color=&#8221;#c4b998&#8243;]<\/p>\n<h3>Les particularit\u00e9s physiques<\/h3>\n<p>[\/et_pb_text][\/et_pb_column][\/et_pb_row][et_pb_row column_structure=&#8221;1_4,3_4&#8243; _builder_version=&#8221;4.7.0&#8243; _module_preset=&#8221;default&#8221; custom_margin=&#8221;9px|auto||auto||&#8221; custom_padding=&#8221;0px||0px|||&#8221; global_colors_info=&#8221;{}&#8221;][et_pb_column type=&#8221;1_4&#8243; _builder_version=&#8221;4.7.0&#8243; _module_preset=&#8221;default&#8221; global_colors_info=&#8221;{}&#8221;][et_pb_image src=&#8221;https:\/\/shinobi-rpg.ovh\/annexes\/wp-content\/uploads\/2021\/06\/akimichi01.jpg&#8221; alt=&#8221;Physique d&#8217;un membre du clan Kemuri&#8221; title_text=&#8221;akimichi01&#8243; _builder_version=&#8221;4.9.4&#8243; _module_preset=&#8221;default&#8221; global_colors_info=&#8221;{}&#8221;][\/et_pb_image][\/et_pb_column][et_pb_column type=&#8221;3_4&#8243; _builder_version=&#8221;4.7.0&#8243; _module_preset=&#8221;default&#8221; global_colors_info=&#8221;{}&#8221;][et_pb_text _builder_version=&#8221;4.7.0&#8243; _module_preset=&#8221;default&#8221; text_font=&#8221;Montserrat|300|||||||&#8221; text_text_color=&#8221;#c4b998&#8243; text_font_size=&#8221;18px&#8221; text_line_height=&#8221;1.8em&#8221; global_colors_info=&#8221;{}&#8221;]<\/p>\n<p style=\"text-align: justify;\">Il est difficile de d\u00e9crire un Akimichi sans parler de sa taille ! Les membres de ce clan sont des g\u00e9ants ! Ils poss\u00e9daient une longue chevelure et des v\u00eatements g\u00e9n\u00e9ralement constitu\u00e9s de tissu (difficile de faire du cuir pour des individus de cette taille !).\u00a0<\/p>\n<p style=\"text-align: justify;\">Ils portaient des boucles d&#8217;oreille afin de mettre en avant le clan aupr\u00e8s des autres lign\u00e9es. De plus, la quasi totalit\u00e9 des Akimichi poss\u00e9daient une chevelure noir\u00e2tre (de tr\u00e8s rares cas de Akimichi blonds existaient n\u00e9anmoins).\u00a0<\/p>\n<p style=\"text-align: justify;\">\n<p>[\/et_pb_text][\/et_pb_column][\/et_pb_row][\/et_pb_section][et_pb_section fb_built=&#8221;1&#8243; _builder_version=&#8221;4.10.8&#8243; _module_preset=&#8221;default&#8221; custom_padding=&#8221;9px||60px|||&#8221; locked=&#8221;off&#8221; global_colors_info=&#8221;{}&#8221; background_color=&#8221;#0a0a0c&#8221; hover_enabled=&#8221;0&#8243; sticky_enabled=&#8221;0&#8243;][et_pb_row admin_label=&#8221;Section Title&#8221; _builder_version=&#8221;4.7.0&#8243; min_height=&#8221;230px&#8221; custom_margin=&#8221;|auto|45px|auto||&#8221; custom_padding=&#8221;27px|0px|0px|0px||&#8221; locked=&#8221;off&#8221; global_colors_info=&#8221;{}&#8221;][et_pb_column type=&#8221;4_4&#8243; _builder_version=&#8221;3.25&#8243; custom_padding=&#8221;|||&#8221; global_colors_info=&#8221;{}&#8221; custom_padding__hover=&#8221;|||&#8221;][et_pb_image src=&#8221;https:\/\/shinobi-rpg.ovh\/annexes\/wp-content\/uploads\/2021\/06\/clan_Akimichi.png&#8221; alt=&#8221;Logo du clan Kitto&#8221; title_text=&#8221;clan_Akimichi&#8221; align=&#8221;center&#8221; _builder_version=&#8221;4.9.4&#8243; _module_preset=&#8221;default&#8221; width=&#8221;100px&#8221; locked=&#8221;off&#8221; global_colors_info=&#8221;{}&#8221;][\/et_pb_image][et_pb_text admin_label=&#8221;Title&#8221; _builder_version=&#8221;4.7.0&#8243; text_font=&#8221;Actor|||on|||||&#8221; text_font_size=&#8221;24px&#8221; header_font=&#8221;||||||||&#8221; header_text_align=&#8221;center&#8221; header_font_size=&#8221;46px&#8221; header_2_font=&#8221;Montserrat|600||on|||||&#8221; header_2_text_align=&#8221;center&#8221; header_2_font_size=&#8221;38px&#8221; custom_margin=&#8221;||5px|&#8221; animation_style=&#8221;slide&#8221; animation_direction=&#8221;top&#8221; animation_intensity_slide=&#8221;20%&#8221; animation_starting_opacity=&#8221;100%&#8221; global_colors_info=&#8221;{}&#8221; text_text_color=&#8221;#c4b998&#8243; header_2_text_color=&#8221;#c4b998&#8243;]<\/p>\n<h2>SON histoire<\/h2>\n<p>[\/et_pb_text][et_pb_text _builder_version=&#8221;4.7.0&#8243; _module_preset=&#8221;default&#8221; text_font=&#8221;Montserrat||||||||&#8221; text_font_size=&#8221;18px&#8221; text_line_height=&#8221;1em&#8221; custom_margin=&#8221;-1px||||false|false&#8221; text_font_tablet=&#8221;&#8221; text_font_phone=&#8221;&#8221; text_font_last_edited=&#8221;on|desktop&#8221; global_colors_info=&#8221;{}&#8221;]<\/p>\n<p style=\"text-align: center;\"><span style=\"color: #808080;\"><em>Le pass\u00e9 d&#8217;un clan disparu<\/em><\/span><\/p>\n<p>[\/et_pb_text][\/et_pb_column][\/et_pb_row][et_pb_row _builder_version=&#8221;4.7.0&#8243; _module_preset=&#8221;default&#8221; custom_padding=&#8221;||0px|||&#8221; locked=&#8221;off&#8221; global_colors_info=&#8221;{}&#8221;][et_pb_column type=&#8221;4_4&#8243; _builder_version=&#8221;4.7.0&#8243; _module_preset=&#8221;default&#8221; global_colors_info=&#8221;{}&#8221;][et_pb_text admin_label=&#8221;Title&#8221; _builder_version=&#8221;4.9.4&#8243; text_font=&#8221;Montserrat|300|||||||&#8221; text_text_color=&#8221;#c4b998&#8243; text_font_size=&#8221;23px&#8221; text_line_height=&#8221;1.8em&#8221; link_font=&#8221;||||on|||#f46624|&#8221; link_text_color=&#8221;#333333&#8243; header_font=&#8221;||||||||&#8221; header_text_align=&#8221;left&#8221; header_2_font=&#8221;Montserrat|600||on|||||&#8221; header_2_text_align=&#8221;center&#8221; header_2_font_size=&#8221;21px&#8221; header_3_text_align=&#8221;left&#8221; header_3_font_size=&#8221;23px&#8221; text_orientation=&#8221;center&#8221; module_alignment=&#8221;right&#8221; custom_margin=&#8221;0px||11px|0px|false|false&#8221; custom_padding=&#8221;||1px|0px||&#8221; animation_style=&#8221;slide&#8221; animation_direction=&#8221;top&#8221; animation_intensity_slide=&#8221;20%&#8221; animation_starting_opacity=&#8221;100%&#8221; locked=&#8221;off&#8221; global_colors_info=&#8221;{}&#8221; header_3_text_color=&#8221;#c4b998&#8243;]<\/p>\n<h3>Une existance lointaine<\/h3>\n<p>[\/et_pb_text][et_pb_text _builder_version=&#8221;4.10.8&#8243; _module_preset=&#8221;default&#8221; text_font=&#8221;Montserrat|300|||||||&#8221; text_text_color=&#8221;#c4b998&#8243; text_font_size=&#8221;18px&#8221; text_line_height=&#8221;1.8em&#8221; locked=&#8221;off&#8221; global_colors_info=&#8221;{}&#8221; hover_enabled=&#8221;0&#8243; sticky_enabled=&#8221;0&#8243;]<\/p>\n<p style=\"text-align: justify;\"><span style=\"color: #;\">Tandis que les clans combattaient, les Akimichi vivaient tranquillement \u00e0 l&#8217;Ouest du Yuukan. Un beau jour, une partie du clan d\u00e9cida de se m\u00e9langer aux hommes afin d&#8217;aider \u00e0 r\u00e9gler les nombreux probl\u00e8mes du continent. Ils finirent alors par \u00eatre asservis par les uns et les autres pour participer \u00e0 de nombreuses batailles. Depuis l&#8217;an -600,<strong> aucun g\u00e9ant n&#8217;a \u00e9t\u00e9 officiellement aper\u00e7u<\/strong>&#8230;<\/span><span style=\"color: #0a0a0a;\"><\/span><\/p>\n<p>[\/et_pb_text][\/et_pb_column][\/et_pb_row][et_pb_row _builder_version=&#8221;4.7.0&#8243; _module_preset=&#8221;default&#8221; custom_padding=&#8221;||12px|||&#8221; locked=&#8221;off&#8221; global_colors_info=&#8221;{}&#8221;][et_pb_column type=&#8221;4_4&#8243; _builder_version=&#8221;4.7.0&#8243; _module_preset=&#8221;default&#8221; global_colors_info=&#8221;{}&#8221;][et_pb_text admin_label=&#8221;Title&#8221; _builder_version=&#8221;4.9.4&#8243; text_font=&#8221;Montserrat|300|||||||&#8221; text_text_color=&#8221;#c4b998&#8243; text_font_size=&#8221;23px&#8221; text_line_height=&#8221;1.8em&#8221; link_font=&#8221;||||on|||#f46624|&#8221; link_text_color=&#8221;#333333&#8243; header_font=&#8221;||||||||&#8221; header_text_align=&#8221;left&#8221; header_2_font=&#8221;Montserrat|600||on|||||&#8221; header_2_text_align=&#8221;center&#8221; header_2_font_size=&#8221;21px&#8221; header_3_text_align=&#8221;left&#8221; header_3_font_size=&#8221;23px&#8221; text_orientation=&#8221;center&#8221; module_alignment=&#8221;right&#8221; custom_margin=&#8221;0px||11px|0px|false|false&#8221; custom_padding=&#8221;||1px|0px||&#8221; animation_style=&#8221;slide&#8221; animation_direction=&#8221;top&#8221; animation_intensity_slide=&#8221;20%&#8221; animation_starting_opacity=&#8221;100%&#8221; locked=&#8221;off&#8221; global_colors_info=&#8221;{}&#8221; header_3_text_color=&#8221;#c4b998&#8243;]<\/p>\n<h3>Le myst\u00e8re de l&#8217;\u00cele Akimichi<\/h3>\n<p>[\/et_pb_text][et_pb_text _builder_version=&#8221;4.10.8&#8243; _module_preset=&#8221;default&#8221; text_font=&#8221;Montserrat|300|||||||&#8221; text_text_color=&#8221;#c4b998&#8243; text_font_size=&#8221;18px&#8221; text_line_height=&#8221;1.8em&#8221; locked=&#8221;off&#8221; global_colors_info=&#8221;{}&#8221; hover_enabled=&#8221;0&#8243; sticky_enabled=&#8221;0&#8243;]<\/p>\n<p style=\"text-align: justify;\"><span style=\"color: #;\">Cette terre \u00e0 peine visible du continent est totalement inaccessible. De nombreuses m\u00e9saventures sinistres finissent par tuer les rares explorateurs <em>(poulpes g\u00e9ants, temp\u00eates, tsunami, etc&#8230;)<\/em>. Des l\u00e9gendes disent que les Akimichi y vivent encore aujourd&#8217;hui. Aucun homme n&#8217;y a pos\u00e9 un pied depuis des si\u00e8cles.<\/span><\/p>\n<p style=\"text-align: justify;\"><span color=\"#494949\" style=\"color: #494949;\"><\/span><\/p>\n<p>[\/et_pb_text][\/et_pb_column][\/et_pb_row][et_pb_row _builder_version=&#8221;4.7.0&#8243; _module_preset=&#8221;default&#8221; custom_padding=&#8221;||12px|||&#8221; locked=&#8221;off&#8221; global_colors_info=&#8221;{}&#8221;][et_pb_column type=&#8221;4_4&#8243; _builder_version=&#8221;4.7.0&#8243; _module_preset=&#8221;default&#8221; global_colors_info=&#8221;{}&#8221;][et_pb_text admin_label=&#8221;Title&#8221; _builder_version=&#8221;4.9.4&#8243; text_font=&#8221;Montserrat|300|||||||&#8221; text_text_color=&#8221;#c4b998&#8243; text_font_size=&#8221;23px&#8221; text_line_height=&#8221;1.8em&#8221; link_font=&#8221;||||on|||#f46624|&#8221; link_text_color=&#8221;#333333&#8243; header_font=&#8221;||||||||&#8221; header_text_align=&#8221;left&#8221; header_2_font=&#8221;Montserrat|600||on|||||&#8221; header_2_text_align=&#8221;center&#8221; header_2_font_size=&#8221;21px&#8221; header_3_text_align=&#8221;left&#8221; header_3_font_size=&#8221;23px&#8221; text_orientation=&#8221;center&#8221; module_alignment=&#8221;right&#8221; custom_margin=&#8221;0px||11px|0px|false|false&#8221; custom_padding=&#8221;||1px|0px||&#8221; animation_style=&#8221;slide&#8221; animation_direction=&#8221;top&#8221; animation_intensity_slide=&#8221;20%&#8221; animation_starting_opacity=&#8221;100%&#8221; locked=&#8221;off&#8221; global_colors_info=&#8221;{}&#8221; header_3_text_color=&#8221;#c4b998&#8243;]<\/p>\n<h3>Mythe ou r\u00e9alit\u00e9 ?<\/h3>\n<p>[\/et_pb_text][et_pb_text _builder_version=&#8221;4.10.8&#8243; _module_preset=&#8221;default&#8221; text_font=&#8221;Montserrat|300|||||||&#8221; text_text_color=&#8221;#c4b998&#8243; text_font_size=&#8221;18px&#8221; text_line_height=&#8221;1.8em&#8221; locked=&#8221;off&#8221; global_colors_info=&#8221;{}&#8221; hover_enabled=&#8221;0&#8243; sticky_enabled=&#8221;0&#8243;]<\/p>\n<p style=\"text-align: justify;\"><span style=\"color: #;\">L&#8217;existence des Akimichi est si ancienne que de nombreux individus ne croient pas en l&#8217;existence de ce clan. De plus, aucun squelette de plus de 3 m\u00e8tres n&#8217;a \u00e9t\u00e9 officiellement retrouv\u00e9&#8230;<\/span><\/p>\n<p>[\/et_pb_text][\/et_pb_column][\/et_pb_row][\/et_pb_section]<\/p>\n","protected":false},"excerpt":{"rendered":"<p>CLAN AKIMICHIG\u00e9ants de l&#8217;OuestLe clan Akimichi n&#8217;est qu&#8217;une l\u00e9gende, un vulgaire conte pour effrayer les enfants&#8230; Malgr\u00e9 tout, derri\u00e8re chaque mensonge se cache une part de v\u00e9rit\u00e9&#8230;INFORMATIONSEntre r\u00e9alit\u00e9 et l\u00e9gendeSon PouvoirLes Akimichi sont consid\u00e9r\u00e9s comme des g\u00e9ants de plus de 4 m\u00e8tres. D&#8217;apr\u00e8s la l\u00e9gende, certains Akimichi pouvaient atteindre plus de 15 m\u00e8tres ! Ils [&hellip;]<\/p>\n","protected":false},"author":1,"featured_media":0,"parent":0,"menu_order":0,"comment_status":"closed","ping_status":"closed","template":"","meta":{"_et_pb_use_builder":"on","_et_pb_old_content":"","_et_gb_content_width":"","spay_email":""},"_links":{"self":[{"href":"https:\/\/shinobi-rpg.ovh\/annexes\/wp-json\/wp\/v2\/pages\/26110"}],"collection":[{"href":"https:\/\/shinobi-rpg.ovh\/annexes\/wp-json\/wp\/v2\/pages"}],"about":[{"href":"https:\/\/shinobi-rpg.ovh\/annexes\/wp-json\/wp\/v2\/types\/page"}],"author":[{"embeddable":true,"href":"https:\/\/shinobi-rpg.ovh\/annexes\/wp-json\/wp\/v2\/users\/1"}],"replies":[{"embeddable":true,"href":"https:\/\/shinobi-rpg.ovh\/annexes\/wp-json\/wp\/v2\/comments?post=26110"}],"version-history":[{"count":8,"href":"https:\/\/shinobi-rpg.ovh\/annexes\/wp-json\/wp\/v2\/pages\/26110\/revisions"}],"predecessor-version":[{"id":26903,"href":"https:\/\/shinobi-rpg.ovh\/annexes\/wp-json\/wp\/v2\/pages\/26110\/revisions\/26903"}],"wp:attachment":[{"href":"https:\/\/shinobi-rpg.ovh\/annexes\/wp-json\/wp\/v2\/media?parent=26110"}],"curies":[{"name":"wp","href":"https:\/\/api.w.org\/{rel}","templated":true}]}}