{"id":26979,"date":"2023-03-30T08:08:54","date_gmt":"2023-03-30T06:08:54","guid":{"rendered":"https:\/\/shinobi-rpg.ovh\/annexes\/clan-hashi-copy\/"},"modified":"2023-03-30T08:47:24","modified_gmt":"2023-03-30T06:47:24","slug":"systeme-calendaire","status":"publish","type":"page","link":"https:\/\/shinobi-rpg.ovh\/annexes\/systeme-calendaire\/","title":{"rendered":"Syst\u00e8me calendaire"},"content":{"rendered":"<p>[et_pb_section fb_built=&#8221;1&#8243; _builder_version=&#8221;4.9.4&#8243; _module_preset=&#8221;default&#8221; background_color=&#8221;#0a0a0c&#8221; custom_padding=&#8221;4px||22px|||&#8221; global_colors_info=&#8221;{}&#8221;][et_pb_row admin_label=&#8221;Section Title&#8221; _builder_version=&#8221;4.7.0&#8243; custom_margin=&#8221;|||&#8221; custom_padding=&#8221;27px|0px|0px|0px||&#8221; locked=&#8221;off&#8221; global_colors_info=&#8221;{}&#8221;][et_pb_column type=&#8221;4_4&#8243; _builder_version=&#8221;3.25&#8243; custom_padding=&#8221;|||&#8221; global_colors_info=&#8221;{}&#8221; custom_padding__hover=&#8221;|||&#8221;][et_pb_code _builder_version=&#8221;4.10.8&#8243; _module_preset=&#8221;default&#8221; hover_enabled=&#8221;0&#8243; sticky_enabled=&#8221;0&#8243; text_orientation=&#8221;center&#8221; module_class=&#8221;contexte_logo_village gradient_logo_fill&#8221;]<?xml version=\"1.0\" encoding=\"iso-8859-1\"?><!-- [et_pb_line_break_holder] --><!-- Uploaded to: SVG Repo, www.svgrepo.com, Generator: SVG Repo Mixer Tools --><!-- [et_pb_line_break_holder] --><!DOCTYPE svg PUBLIC \"-\/\/W3C\/\/DTD SVG 1.1\/\/EN\" \"http:\/\/www.w3.org\/Graphics\/SVG\/1.1\/DTD\/svg11.dtd\"><!-- [et_pb_line_break_holder] --><svg version=\"1.1\" id=\"Capa_1\" xmlns=\"http:\/\/www.w3.org\/2000\/svg\" xmlns:xlink=\"http:\/\/www.w3.org\/1999\/xlink\" <!-- [et_pb_line_break_holder] -->\t width=&#8221;90px&#8221; height=&#8221;90px&#8221; viewBox=&#8221;0 0 610.398 610.398&#8243;<!-- [et_pb_line_break_holder] -->\t xml:space=&#8221;preserve&#8221;><!-- [et_pb_line_break_holder] --><g><!-- [et_pb_line_break_holder] -->\t<g><!-- [et_pb_line_break_holder] -->\t\t<path d=\"M159.567,0h-15.329c-1.956,0-3.811,0.411-5.608,0.995c-8.979,2.912-15.616,12.498-15.616,23.997v10.552v27.009v14.052<!-- [et_pb_line_break_holder] -->\t\t\tc0,2.611,0.435,5.078,1.066,7.44c2.702,10.146,10.653,17.552,20.158,17.552h15.329c11.724,0,21.224-11.188,21.224-24.992V62.553<!-- [et_pb_line_break_holder] -->\t\t\tV35.544V24.992C180.791,11.188,171.291,0,159.567,0z&#8221;\/><!-- [et_pb_line_break_holder] -->\t\t<path d=\"M461.288,0h-15.329c-11.724,0-21.224,11.188-21.224,24.992v10.552v27.009v14.052c0,13.804,9.5,24.992,21.224,24.992<!-- [et_pb_line_break_holder] -->\t\t\th15.329c11.724,0,21.224-11.188,21.224-24.992V62.553V35.544V24.992C482.507,11.188,473.007,0,461.288,0z&#8221;\/><!-- [et_pb_line_break_holder] -->\t\t<path d=\"M539.586,62.553h-37.954v14.052c0,24.327-18.102,44.117-40.349,44.117h-15.329c-22.247,0-40.349-19.79-40.349-44.117<!-- [et_pb_line_break_holder] -->\t\t\tV62.553H199.916v14.052c0,24.327-18.102,44.117-40.349,44.117h-15.329c-22.248,0-40.349-19.79-40.349-44.117V62.553H70.818<!-- [et_pb_line_break_holder] -->\t\t\tc-21.066,0-38.15,16.017-38.15,35.764v476.318c0,19.784,17.083,35.764,38.15,35.764h468.763c21.085,0,38.149-15.984,38.149-35.764<!-- [et_pb_line_break_holder] -->\t\t\tV98.322C577.735,78.575,560.671,62.553,539.586,62.553z M527.757,557.9l-446.502-0.172V173.717h446.502V557.9z&#8221;\/><!-- [et_pb_line_break_holder] -->\t\t<path d=\"M353.017,266.258h117.428c10.193,0,18.437-10.179,18.437-22.759s-8.248-22.759-18.437-22.759H353.017<!-- [et_pb_line_break_holder] -->\t\t\tc-10.193,0-18.437,10.179-18.437,22.759C334.58,256.074,342.823,266.258,353.017,266.258z&#8221;\/><!-- [et_pb_line_break_holder] -->\t\t<path d=\"M353.017,348.467h117.428c10.193,0,18.437-10.179,18.437-22.759c0-12.579-8.248-22.758-18.437-22.758H353.017<!-- [et_pb_line_break_holder] -->\t\t\tc-10.193,0-18.437,10.179-18.437,22.758C334.58,338.288,342.823,348.467,353.017,348.467z&#8221;\/><!-- [et_pb_line_break_holder] -->\t\t<path d=\"M353.017,430.676h117.428c10.193,0,18.437-10.18,18.437-22.759s-8.248-22.759-18.437-22.759H353.017<!-- [et_pb_line_break_holder] -->\t\t\tc-10.193,0-18.437,10.18-18.437,22.759S342.823,430.676,353.017,430.676z&#8221;\/><!-- [et_pb_line_break_holder] -->\t\t<path d=\"M353.017,512.89h117.428c10.193,0,18.437-10.18,18.437-22.759c0-12.58-8.248-22.759-18.437-22.759H353.017<!-- [et_pb_line_break_holder] -->\t\t\tc-10.193,0-18.437,10.179-18.437,22.759C334.58,502.71,342.823,512.89,353.017,512.89z&#8221;\/><!-- [et_pb_line_break_holder] -->\t\t<path d=\"M145.032,266.258H262.46c10.193,0,18.436-10.179,18.436-22.759s-8.248-22.759-18.436-22.759H145.032<!-- [et_pb_line_break_holder] -->\t\t\tc-10.194,0-18.437,10.179-18.437,22.759C126.596,256.074,134.838,266.258,145.032,266.258z&#8221;\/><!-- [et_pb_line_break_holder] -->\t\t<path d=\"M145.032,348.467H262.46c10.193,0,18.436-10.179,18.436-22.759c0-12.579-8.248-22.758-18.436-22.758H145.032<!-- [et_pb_line_break_holder] -->\t\t\tc-10.194,0-18.437,10.179-18.437,22.758C126.596,338.288,134.838,348.467,145.032,348.467z&#8221;\/><!-- [et_pb_line_break_holder] -->\t\t<path d=\"M145.032,430.676H262.46c10.193,0,18.436-10.18,18.436-22.759s-8.248-22.759-18.436-22.759H145.032<!-- [et_pb_line_break_holder] -->\t\t\tc-10.194,0-18.437,10.18-18.437,22.759S134.838,430.676,145.032,430.676z&#8221;\/><!-- [et_pb_line_break_holder] -->\t\t<path d=\"M145.032,512.89H262.46c10.193,0,18.436-10.18,18.436-22.759c0-12.58-8.248-22.759-18.436-22.759H145.032<!-- [et_pb_line_break_holder] -->\t\t\tc-10.194,0-18.437,10.179-18.437,22.759C126.596,502.71,134.838,512.89,145.032,512.89z&#8221;\/><!-- [et_pb_line_break_holder] -->\t<\/g><!-- [et_pb_line_break_holder] --><\/g><!-- [et_pb_line_break_holder] -->  <linearGradient id=\"header-shape-gradient\" x2=\"0.35\" y2=\"1\" class=\"wp-dark-mode-ignore\"><!-- [et_pb_line_break_holder] -->        <stop offset=\"0%\" stop-color=\"var(--color-stop)\" class=\"wp-dark-mode-ignore\"><\/stop><!-- [et_pb_line_break_holder] -->        <stop offset=\"30%\" stop-color=\"var(--color-stop)\" class=\"wp-dark-mode-ignore\"><\/stop><!-- [et_pb_line_break_holder] -->        <stop offset=\"100%\" stop-color=\"var(--color-bot)\" class=\"wp-dark-mode-ignore\"><\/stop><!-- [et_pb_line_break_holder] -->      <\/linearGradient><!-- [et_pb_line_break_holder] --><\/svg>[\/et_pb_code][et_pb_text admin_label=&#8221;Title&#8221; _builder_version=&#8221;4.10.8&#8243; text_font=&#8221;Actor|||on|||||&#8221; text_font_size=&#8221;24px&#8221; header_font=&#8221;||||||||&#8221; header_text_align=&#8221;center&#8221; header_text_color=&#8221;#efe5d1&#8243; header_font_size=&#8221;46px&#8221; header_2_font=&#8221;Montserrat|600||on|||||&#8221; header_2_text_align=&#8221;center&#8221; header_2_text_color=&#8221;#FFFFFF&#8221; header_2_font_size=&#8221;30px&#8221; custom_margin=&#8221;||5px|&#8221; animation_style=&#8221;slide&#8221; animation_direction=&#8221;top&#8221; animation_intensity_slide=&#8221;20%&#8221; animation_starting_opacity=&#8221;100%&#8221; global_colors_info=&#8221;{}&#8221;]<\/p>\n<h1>Syst\u00e8me calendaire<\/h1>\n<p>[\/et_pb_text][et_pb_text admin_label=&#8221;Title&#8221; _builder_version=&#8221;4.10.8&#8243; text_font=&#8221;Montserrat|300|||||||&#8221; text_text_color=&#8221;#efe5d1&#8243; text_font_size=&#8221;23px&#8221; text_line_height=&#8221;1.8em&#8221; link_font=&#8221;||||on|||#f46624|&#8221; link_text_color=&#8221;#333333&#8243; header_font=&#8221;||||||||&#8221; header_2_font=&#8221;Montserrat|600||on|||||&#8221; header_2_text_align=&#8221;center&#8221; header_2_font_size=&#8221;30px&#8221; text_orientation=&#8221;center&#8221; max_width=&#8221;800px&#8221; module_alignment=&#8221;center&#8221; custom_margin=&#8221;||-3px|||&#8221; animation_style=&#8221;slide&#8221; animation_direction=&#8221;top&#8221; animation_intensity_slide=&#8221;20%&#8221; animation_starting_opacity=&#8221;100%&#8221; global_colors_info=&#8221;{}&#8221;]<\/p>\n<p>Shinobi RPG dispose d&#8217;un univers propre \u00e0 l&#8217;oeuvre et d&#8217;un calendrier in\u00e9dit. Il est imp\u00e9ratif de le comprendre.<\/p>\n<p>[\/et_pb_text][\/et_pb_column][\/et_pb_row][\/et_pb_section][et_pb_section fb_built=&#8221;1&#8243; prev_background_color=&#8221;#0a0a0c&#8221; next_background_color=&#8221;#0a0a0c&#8221; _builder_version=&#8221;4.7.0&#8243; _module_preset=&#8221;default&#8221; background_color=&#8221;#1a1c21&#8243; custom_padding=&#8221;130px||127px|||&#8221; top_divider_style=&#8221;curve2&#8243; bottom_divider_style=&#8221;curve2&#8243; bottom_divider_flip=&#8221;vertical&#8221; global_colors_info=&#8221;{}&#8221;][et_pb_row admin_label=&#8221;Section Title&#8221; _builder_version=&#8221;4.10.8&#8243; custom_margin=&#8221;|auto|45px|auto||&#8221; custom_padding=&#8221;27px|0px|0px|0px||&#8221; locked=&#8221;off&#8221; global_colors_info=&#8221;{}&#8221;][et_pb_column type=&#8221;4_4&#8243; _builder_version=&#8221;3.25&#8243; custom_padding=&#8221;|||&#8221; global_colors_info=&#8221;{}&#8221; custom_padding__hover=&#8221;|||&#8221;][et_pb_text admin_label=&#8221;Title&#8221; _builder_version=&#8221;4.10.8&#8243; text_font=&#8221;Actor|||on|||||&#8221; text_font_size=&#8221;24px&#8221; header_font=&#8221;||||||||&#8221; header_text_align=&#8221;center&#8221; header_text_color=&#8221;#efe5d1&#8243; header_font_size=&#8221;46px&#8221; header_2_font=&#8221;Montserrat|600||on|||||&#8221; header_2_text_align=&#8221;center&#8221; header_2_text_color=&#8221;#c4b998&#8243; header_2_font_size=&#8221;30px&#8221; custom_margin=&#8221;||5px|&#8221; animation_style=&#8221;slide&#8221; animation_direction=&#8221;top&#8221; animation_intensity_slide=&#8221;20%&#8221; animation_starting_opacity=&#8221;100%&#8221; global_colors_info=&#8221;{}&#8221;]<\/p>\n<h2>ORGANISATION DES SAISONS ET DES MOIS<\/h2>\n<p>[\/et_pb_text][et_pb_text _builder_version=&#8221;4.10.8&#8243; _module_preset=&#8221;default&#8221; text_font=&#8221;Montserrat||||||||&#8221; text_font_size=&#8221;18px&#8221; text_line_height=&#8221;1em&#8221; custom_margin=&#8221;-1px||||false|false&#8221; text_font_tablet=&#8221;&#8221; text_font_phone=&#8221;&#8221; text_font_last_edited=&#8221;on|desktop&#8221; global_colors_info=&#8221;{}&#8221;]<\/p>\n<p style=\"text-align: center;\"><span style=\"color: #808080;\"><em>Ce que tout le monde doit savoir<\/em><\/span><\/p>\n<p>[\/et_pb_text][\/et_pb_column][\/et_pb_row][et_pb_row column_structure=&#8221;2_5,3_5&#8243; _builder_version=&#8221;4.10.8&#8243; _module_preset=&#8221;default&#8221; custom_padding=&#8221;||2px|||&#8221; global_colors_info=&#8221;{}&#8221;][et_pb_column type=&#8221;2_5&#8243; _builder_version=&#8221;4.10.8&#8243; _module_preset=&#8221;default&#8221; global_colors_info=&#8221;{}&#8221;][et_pb_image src=&#8221;https:\/\/shinobi-rpg.ovh\/annexes\/wp-content\/uploads\/2023\/03\/calendrier_srpg.jpg&#8221; title_text=&#8221;calendrier_srpg&#8221; _builder_version=&#8221;4.10.8&#8243; _module_preset=&#8221;default&#8221; hover_enabled=&#8221;0&#8243; global_colors_info=&#8221;{}&#8221; sticky_enabled=&#8221;0&#8243;][\/et_pb_image][\/et_pb_column][et_pb_column type=&#8221;3_5&#8243; _builder_version=&#8221;4.10.8&#8243; _module_preset=&#8221;default&#8221; global_colors_info=&#8221;{}&#8221;][et_pb_text _builder_version=&#8221;4.10.8&#8243; _module_preset=&#8221;default&#8221; text_font=&#8221;Montserrat|300|||||||&#8221; text_text_color=&#8221;#c4b998&#8243; text_font_size=&#8221;18px&#8221; text_line_height=&#8221;1.8em&#8221; link_font=&#8221;||||on|||#f46624|&#8221; link_text_color=&#8221;#333333&#8243; header_font=&#8221;||||||||&#8221; header_2_font=&#8221;Montserrat|600||on|||||&#8221; header_2_text_align=&#8221;center&#8221; header_2_font_size=&#8221;30px&#8221; text_orientation=&#8221;center&#8221; max_width=&#8221;1240px&#8221; module_alignment=&#8221;center&#8221; custom_margin=&#8221;||6px|72px||&#8221; animation_style=&#8221;slide&#8221; animation_direction=&#8221;top&#8221; animation_intensity_slide=&#8221;20%&#8221; animation_starting_opacity=&#8221;100%&#8221; locked=&#8221;off&#8221; global_colors_info=&#8221;{}&#8221;]<\/p>\n<p style=\"text-align: justify;\">Le calendrier de Shinobi RPG est un calendrier solaire compos\u00e9 de<strong> 12 mois, avec 30 jours par mois et un jour intercalaire par saison.<\/strong> En plus de ceci, il y a un jour intercalaire suppl\u00e9mentaire tous les 4 ans, qui tombe \u00e0 la fin de l&#8217;ann\u00e9e, pour \u00e9viter tout d\u00e9calage saisonnier.<\/p>\n<p style=\"text-align: justify;\"><strong>Le dernier jour de l&#8217;hiver marque \u00e9galement la fin de l&#8217;ann\u00e9e, et le premier jour du printemps marque le d\u00e9but de la nouvelle ann\u00e9e.<\/strong><\/p>\n<p style=\"text-align: justify;\">Le printemps est compos\u00e9 de trois mois : &#8220;Ume&#8221; (prunier), &#8220;Sakura&#8221; (cerisier) et &#8220;Take&#8221; (bambou).<strong> Il d\u00e9bute le 21 ou 22 F\u00e9vrier.<\/strong><\/p>\n<p style=\"text-align: left;\">\n<p>[\/et_pb_text][\/et_pb_column][\/et_pb_row][et_pb_row _builder_version=&#8221;4.10.8&#8243; _module_preset=&#8221;default&#8221; custom_margin=&#8221;|auto|19px|auto||&#8221; custom_padding=&#8221;13px||12px|||&#8221; locked=&#8221;off&#8221; global_colors_info=&#8221;{}&#8221;][et_pb_column type=&#8221;4_4&#8243; _builder_version=&#8221;4.9.7&#8243; _module_preset=&#8221;default&#8221; global_colors_info=&#8221;{}&#8221;][et_pb_text _builder_version=&#8221;4.10.8&#8243; _module_preset=&#8221;default&#8221; text_font=&#8221;Montserrat|300|||||||&#8221; text_text_color=&#8221;#c4b998&#8243; text_font_size=&#8221;18px&#8221; text_line_height=&#8221;1.8em&#8221; link_font=&#8221;||||on|||#f46624|&#8221; link_text_color=&#8221;#333333&#8243; header_font=&#8221;||||||||&#8221; header_2_font=&#8221;Montserrat|600||on|||||&#8221; header_2_text_align=&#8221;center&#8221; header_2_font_size=&#8221;30px&#8221; text_orientation=&#8221;center&#8221; max_width=&#8221;1240px&#8221; module_alignment=&#8221;center&#8221; custom_margin=&#8221;-3px||6px|72px||&#8221; animation_style=&#8221;slide&#8221; animation_direction=&#8221;top&#8221; animation_intensity_slide=&#8221;20%&#8221; animation_starting_opacity=&#8221;100%&#8221; locked=&#8221;off&#8221; global_colors_info=&#8221;{}&#8221;]<\/p>\n<p style=\"text-align: justify;\">L&#8217;\u00e9t\u00e9 commence le jour du solstice d&#8217;\u00e9t\u00e9, qui <strong>a lieu le 20 ou 21 juin<\/strong>. L&#8217;\u00e9t\u00e9 est \u00e9galement compos\u00e9 de trois mois : &#8220;Mizu&#8221; (eau), &#8220;Hana&#8221; (fleur) et &#8220;Natsu&#8221; (\u00e9t\u00e9).<\/p>\n<p style=\"text-align: justify;\">L&#8217;automne commence le jour de l&#8217;\u00e9quinoxe d&#8217;automne, qui<strong> a lieu le 22 ou 23 septembre<\/strong>. L&#8217;automne est compos\u00e9 de trois mois : &#8220;Momiji&#8221; (\u00e9rable), &#8220;Kiku&#8221; (chrysanth\u00e8me) et &#8220;Tsuki&#8221; (lune).<\/p>\n<p style=\"text-align: justify;\">L&#8217;hiver commence le jour du solstice d&#8217;hiver, qui <strong>a lieu le 21 ou 22 d\u00e9cembre<\/strong>. L&#8217;hiver est \u00e9galement compos\u00e9 de trois mois : &#8220;Fuyu&#8221; (hiver), &#8220;Yuki&#8221; (neige) et &#8220;Tsubaki&#8221; (cam\u00e9lia).<\/p>\n<p style=\"text-align: justify;\"><strong>Le jour intercalaire de chaque saison n&#8217;appartient \u00e0 aucun mois<\/strong>, il s&#8217;appelle le &#8220;Jour du Passage&#8221; et est c\u00e9l\u00e9br\u00e9 comme un jour de transition entre les saisons. Le jour intercalaire de Printemps s&#8217;appelle le &#8220;Jour du Nouvel An&#8221; et marque le d\u00e9but de la nouvelle ann\u00e9e. Le jour intercalaire suppl\u00e9mentaire est nomm\u00e9 &#8220;Jour d&#8217;Harmonisation&#8221;.\u00a0\u00a0<\/p>\n<p style=\"text-align: justify;\">\n<p style=\"text-align: justify;\"><span style=\"font-size: small;\">* <strong>Note importante :<\/strong> Vous pouvez utiliser les noms du calendrier gr\u00e9gorien dans vos RP&#8217;s. Il est par ailleurs important de pr\u00e9ciser l&#8217;\u00e9quivalent gr\u00e9gorien pour aider le lecteur \u00e0 s&#8217;y retrouver. Dans le calendrier gr\u00e9gorien, l&#8217;ann\u00e9e de SRPG commence donc le 22 F\u00e9vrier et se termine le 21 F\u00e9vrier. Dans le calendrier de notre univers, il d\u00e9bute le 01 Ume et se termine le 30 Tsubaki.<\/span><\/p>\n<p style=\"text-align: justify;\">\n<p>[\/et_pb_text][\/et_pb_column][\/et_pb_row][\/et_pb_section][et_pb_section fb_built=&#8221;1&#8243; _builder_version=&#8221;4.10.8&#8243; _module_preset=&#8221;default&#8221; background_color=&#8221;#0a0a0c&#8221; custom_padding=&#8221;9px||11px|||&#8221; locked=&#8221;off&#8221; global_colors_info=&#8221;{}&#8221;][et_pb_row admin_label=&#8221;Section Title&#8221; _builder_version=&#8221;4.10.8&#8243; custom_margin=&#8221;|auto|30px|auto||&#8221; custom_padding=&#8221;27px|0px|0px|0px||&#8221; locked=&#8221;off&#8221; global_colors_info=&#8221;{}&#8221;][et_pb_column type=&#8221;4_4&#8243; _builder_version=&#8221;3.25&#8243; custom_padding=&#8221;|||&#8221; global_colors_info=&#8221;{}&#8221; custom_padding__hover=&#8221;|||&#8221;][et_pb_text admin_label=&#8221;Title&#8221; _builder_version=&#8221;4.10.8&#8243; text_font=&#8221;Actor|||on|||||&#8221; text_font_size=&#8221;24px&#8221; header_font=&#8221;||||||||&#8221; header_text_align=&#8221;center&#8221; header_text_color=&#8221;#efe5d1&#8243; header_font_size=&#8221;46px&#8221; header_2_font=&#8221;Montserrat|600||on|||||&#8221; header_2_text_align=&#8221;center&#8221; header_2_text_color=&#8221;#c4b998&#8243; header_2_font_size=&#8221;30px&#8221; custom_margin=&#8221;||5px|&#8221; animation_style=&#8221;slide&#8221; animation_direction=&#8221;top&#8221; animation_intensity_slide=&#8221;20%&#8221; animation_starting_opacity=&#8221;100%&#8221; global_colors_info=&#8221;{}&#8221;]<\/p>\n<h2>ORGANISATION DES ANNEES<\/h2>\n<p>[\/et_pb_text][et_pb_text _builder_version=&#8221;4.10.8&#8243; _module_preset=&#8221;default&#8221; text_font=&#8221;Montserrat||||||||&#8221; text_font_size=&#8221;18px&#8221; text_line_height=&#8221;1em&#8221; custom_margin=&#8221;-1px||||false|false&#8221; text_font_tablet=&#8221;&#8221; text_font_phone=&#8221;&#8221; text_font_last_edited=&#8221;on|desktop&#8221; global_colors_info=&#8221;{}&#8221;]<\/p>\n<p style=\"text-align: center;\"><span style=\"color: #808080;\"><em>Ce que tout le monde doit savoir<\/em><\/span><\/p>\n<p>[\/et_pb_text][\/et_pb_column][\/et_pb_row][et_pb_row _builder_version=&#8221;4.10.8&#8243; _module_preset=&#8221;default&#8221; custom_margin=&#8221;|auto||auto|false|false&#8221; custom_padding=&#8221;||0px|||&#8221; locked=&#8221;off&#8221; global_colors_info=&#8221;{}&#8221;][et_pb_column type=&#8221;4_4&#8243; _builder_version=&#8221;4.7.0&#8243; _module_preset=&#8221;default&#8221; global_colors_info=&#8221;{}&#8221;][et_pb_text _builder_version=&#8221;4.10.8&#8243; _module_preset=&#8221;default&#8221; text_font=&#8221;Montserrat|300|||||||&#8221; text_text_color=&#8221;#c4b998&#8243; text_font_size=&#8221;18px&#8221; text_line_height=&#8221;1.8em&#8221; link_font=&#8221;||||on|||#f46624|&#8221; link_text_color=&#8221;#333333&#8243; header_font=&#8221;||||||||&#8221; header_2_font=&#8221;Montserrat|600||on|||||&#8221; header_2_text_align=&#8221;center&#8221; header_2_font_size=&#8221;30px&#8221; text_orientation=&#8221;center&#8221; max_width=&#8221;1240px&#8221; module_alignment=&#8221;center&#8221; custom_margin=&#8221;-7px||6px|72px||&#8221; custom_padding=&#8221;||28px|||&#8221; animation_style=&#8221;slide&#8221; animation_direction=&#8221;top&#8221; animation_intensity_slide=&#8221;20%&#8221; animation_starting_opacity=&#8221;100%&#8221; locked=&#8221;off&#8221; global_colors_info=&#8221;{}&#8221;]<\/p>\n<p style=\"text-align: justify;\">Il est possible que l&#8217;ancien calendrier de Shinobi RPG ait \u00e9t\u00e9 bas\u00e9 sur une observation de l&#8217;\u00e9nergie spirituelle dans le Yuukan, qui aurait \u00e9t\u00e9 consid\u00e9r\u00e9e comme un \u00e9v\u00e9nement majeur dans l&#8217;histoire du monde. <strong>Dans l&#8217;ancien calendrier, l&#8217;an -1 \u00e9tait l&#8217;an 1923.<\/strong> Ce calendrier n&#8217;est dor\u00e9navant plus utilis\u00e9, l&#8217;interpr\u00e9tation de ce ph\u00e9nom\u00e8ne aurait \u00e9t\u00e9 sujette \u00e0 d\u00e9bat et que de nombreux \u00e9rudits auraient remis en question sa validit\u00e9, il est possible que ce calendrier n&#8217;ait jamais \u00e9t\u00e9 largement accept\u00e9 ou utilis\u00e9.<\/p>\n<p style=\"text-align: justify;\">\n<p style=\"text-align: justify;\"><strong>La destruction de la ville de Matsumoto par un amas de chakra (ph\u00e9nom\u00e8ne naturel destructeur) aurait peut-\u00eatre marqu\u00e9 la fin de l&#8217;utilisation de cet ancien calendrier et le d\u00e9but de l&#8217;utilisation d&#8217;un nouveau syst\u00e8me calendaire,<\/strong> bas\u00e9 sur des \u00e9v\u00e9nements plus concrets et moins controvers\u00e9s. La destruction de cette derni\u00e8re eut lieu lors du &#8220;Jour de l&#8217;Harmonie&#8221; <em>(jour neutre)<\/em> et depuis lors, nous consid\u00e9rons que cette \u00e9v\u00e9nement marque le d\u00e9but d&#8217;une nouvelle \u00e8re. Il facilite notamment les \u00e9changes entre les nations, car ce dernier est globalement accept\u00e9 par les diff\u00e9rents peuples.\u00a0<\/p>\n<p style=\"text-align: justify;\">\n<p>[\/et_pb_text][\/et_pb_column][\/et_pb_row][\/et_pb_section]<\/p>\n","protected":false},"excerpt":{"rendered":"<p>width=&#8221;90px&#8221; height=&#8221;90px&#8221; viewBox=&#8221;0 0 610.398 610.398&#8243; xml:space=&#8221;preserve&#8221;<\/p>\n","protected":false},"author":1,"featured_media":0,"parent":0,"menu_order":0,"comment_status":"closed","ping_status":"closed","template":"","meta":{"_et_pb_use_builder":"on","_et_pb_old_content":"","_et_gb_content_width":"","spay_email":""},"_links":{"self":[{"href":"https:\/\/shinobi-rpg.ovh\/annexes\/wp-json\/wp\/v2\/pages\/26979"}],"collection":[{"href":"https:\/\/shinobi-rpg.ovh\/annexes\/wp-json\/wp\/v2\/pages"}],"about":[{"href":"https:\/\/shinobi-rpg.ovh\/annexes\/wp-json\/wp\/v2\/types\/page"}],"author":[{"embeddable":true,"href":"https:\/\/shinobi-rpg.ovh\/annexes\/wp-json\/wp\/v2\/users\/1"}],"replies":[{"embeddable":true,"href":"https:\/\/shinobi-rpg.ovh\/annexes\/wp-json\/wp\/v2\/comments?post=26979"}],"version-history":[{"count":8,"href":"https:\/\/shinobi-rpg.ovh\/annexes\/wp-json\/wp\/v2\/pages\/26979\/revisions"}],"predecessor-version":[{"id":26991,"href":"https:\/\/shinobi-rpg.ovh\/annexes\/wp-json\/wp\/v2\/pages\/26979\/revisions\/26991"}],"wp:attachment":[{"href":"https:\/\/shinobi-rpg.ovh\/annexes\/wp-json\/wp\/v2\/media?parent=26979"}],"curies":[{"name":"wp","href":"https:\/\/api.w.org\/{rel}","templated":true}]}}