{"id":27019,"date":"2025-08-09T13:28:03","date_gmt":"2025-08-09T11:28:03","guid":{"rendered":"https:\/\/shinobi-rpg.ovh\/annexes\/republique-konoha-copy-2\/"},"modified":"2025-08-09T13:54:01","modified_gmt":"2025-08-09T11:54:01","slug":"contexte","status":"publish","type":"page","link":"https:\/\/shinobi-rpg.ovh\/annexes\/contexte\/","title":{"rendered":"Contexte"},"content":{"rendered":"<p>[et_pb_section fb_built=&#8221;1&#8243; _builder_version=&#8221;4.10.8&#8243; _module_preset=&#8221;default&#8221; background_color=&#8221;#0a0a0c&#8221; custom_padding=&#8221;4px||22px|||&#8221; locked=&#8221;off&#8221; global_colors_info=&#8221;{}&#8221;][et_pb_row admin_label=&#8221;Section Title&#8221; _builder_version=&#8221;4.7.0&#8243; custom_margin=&#8221;|||&#8221; custom_padding=&#8221;27px|0px|0px|0px||&#8221; locked=&#8221;off&#8221; global_colors_info=&#8221;{}&#8221;][et_pb_column type=&#8221;4_4&#8243; _builder_version=&#8221;3.25&#8243; custom_padding=&#8221;|||&#8221; global_colors_info=&#8221;{}&#8221; custom_padding__hover=&#8221;|||&#8221;][et_pb_image src=&#8221;https:\/\/shinobi-rpg.ovh\/annexes\/wp-content\/uploads\/2025\/08\/empireTeikoku.png&#8221; title_text=&#8221;empireTeikoku&#8221; _builder_version=&#8221;4.10.8&#8243; _module_preset=&#8221;default&#8221; width=&#8221;16%&#8221; module_alignment=&#8221;center&#8221; global_colors_info=&#8221;{}&#8221;][\/et_pb_image][et_pb_text admin_label=&#8221;Title&#8221; _builder_version=&#8221;4.10.8&#8243; text_font=&#8221;Actor|||on|||||&#8221; text_font_size=&#8221;24px&#8221; header_font=&#8221;||||||||&#8221; header_text_align=&#8221;center&#8221; header_text_color=&#8221;#efe5d1&#8243; header_font_size=&#8221;46px&#8221; header_2_font=&#8221;Montserrat|600||on|||||&#8221; header_2_text_align=&#8221;center&#8221; header_2_text_color=&#8221;#FFFFFF&#8221; header_2_font_size=&#8221;30px&#8221; custom_margin=&#8221;||5px|&#8221; animation_style=&#8221;slide&#8221; animation_direction=&#8221;top&#8221; animation_intensity_slide=&#8221;20%&#8221; animation_starting_opacity=&#8221;100%&#8221; global_colors_info=&#8221;{}&#8221;]<\/p>\n<h1><b>Le Grand Livre des \u00c9poques<\/b><\/h1>\n<p>[\/et_pb_text][et_pb_text _builder_version=&#8221;4.10.8&#8243; _module_preset=&#8221;default&#8221; text_font=&#8221;Montserrat||||||||&#8221; text_text_color=&#8221;#efe5d1&#8243; text_font_size=&#8221;25px&#8221; text_line_height=&#8221;1em&#8221; header_text_color=&#8221;#efe5d1&#8243; custom_margin=&#8221;-1px||||false|false&#8221; hover_enabled=&#8221;0&#8243; text_font_tablet=&#8221;&#8221; text_font_phone=&#8221;&#8221; text_font_last_edited=&#8221;on|desktop&#8221; global_colors_info=&#8221;{}&#8221; sticky_enabled=&#8221;0&#8243;]<\/p>\n<p style=\"text-align: center;\">Tome I : L\u2019\u00c8re du Grand \u00c9veil<\/p>\n<p>[\/et_pb_text][et_pb_text admin_label=&#8221;Title&#8221; _builder_version=&#8221;4.10.8&#8243; text_font=&#8221;Montserrat|300|on||||||&#8221; text_text_color=&#8221;#efe5d1&#8243; text_font_size=&#8221;16px&#8221; text_line_height=&#8221;1.8em&#8221; link_font=&#8221;||||on|||#f46624|&#8221; link_text_color=&#8221;#333333&#8243; header_font=&#8221;||||||||&#8221; header_2_font=&#8221;Montserrat|600||on|||||&#8221; header_2_text_align=&#8221;center&#8221; header_2_font_size=&#8221;30px&#8221; text_orientation=&#8221;center&#8221; max_width=&#8221;800px&#8221; module_alignment=&#8221;center&#8221; custom_margin=&#8221;||-3px|||&#8221; animation_style=&#8221;slide&#8221; animation_direction=&#8221;top&#8221; animation_intensity_slide=&#8221;20%&#8221; animation_starting_opacity=&#8221;100%&#8221; global_colors_info=&#8221;{}&#8221;]<\/p>\n<p>Manuel d\u2019histoire imp\u00e9riale, approuv\u00e9 par la Haute Chancellerie et enseign\u00e9 dans toutes les \u00e9coles et acad\u00e9mies.<\/p>\n<p>[\/et_pb_text][\/et_pb_column][\/et_pb_row][\/et_pb_section][et_pb_section fb_built=&#8221;1&#8243; prev_background_color=&#8221;#0a0a0c&#8221; _builder_version=&#8221;4.10.8&#8243; _module_preset=&#8221;default&#8221; background_color=&#8221;#1a1c21&#8243; custom_padding=&#8221;70px||88px|||&#8221; top_divider_style=&#8221;curve2&#8243; bottom_divider_style=&#8221;curve2&#8243; bottom_divider_color=&#8221;#292c2f&#8221; bottom_divider_flip=&#8221;vertical&#8221; locked=&#8221;off&#8221; global_colors_info=&#8221;{}&#8221;][et_pb_row admin_label=&#8221;Section Title&#8221; _builder_version=&#8221;4.9.7&#8243; custom_margin=&#8221;22px|auto|45px|auto||&#8221; custom_padding=&#8221;60px|0px|0px|0px||&#8221; locked=&#8221;off&#8221; global_colors_info=&#8221;{}&#8221;][et_pb_column type=&#8221;4_4&#8243; _builder_version=&#8221;3.25&#8243; custom_padding=&#8221;|||&#8221; global_colors_info=&#8221;{}&#8221; custom_padding__hover=&#8221;|||&#8221;][et_pb_text admin_label=&#8221;Title&#8221; _builder_version=&#8221;4.10.8&#8243; text_font=&#8221;Actor|||on|||||&#8221; text_text_color=&#8221;#c4b998&#8243; text_font_size=&#8221;24px&#8221; header_font=&#8221;||||||||&#8221; header_text_align=&#8221;left&#8221; header_font_size=&#8221;23px&#8221; header_2_font=&#8221;Montserrat|600||on|||||&#8221; header_2_text_align=&#8221;left&#8221; header_2_text_color=&#8221;#c4b998&#8243; header_2_font_size=&#8221;31px&#8221; custom_margin=&#8221;||5px|&#8221; animation_style=&#8221;slide&#8221; animation_direction=&#8221;top&#8221; animation_intensity_slide=&#8221;20%&#8221; animation_starting_opacity=&#8221;100%&#8221; global_colors_info=&#8221;{}&#8221;]<\/p>\n<h2>Chapitre I \u2014 L\u2019\u00e8re des Shinobi : chaos et d\u00e9mesure<\/h2>\n<p>[\/et_pb_text][\/et_pb_column][\/et_pb_row][et_pb_row _builder_version=&#8221;4.9.7&#8243; _module_preset=&#8221;default&#8221; custom_padding=&#8221;4px||12px|||&#8221; global_colors_info=&#8221;{}&#8221;][et_pb_column type=&#8221;4_4&#8243; _builder_version=&#8221;4.9.7&#8243; _module_preset=&#8221;default&#8221; global_colors_info=&#8221;{}&#8221;][et_pb_text _builder_version=&#8221;4.10.8&#8243; _module_preset=&#8221;default&#8221; text_font=&#8221;Montserrat|300|||||||&#8221; text_text_color=&#8221;#c4b998&#8243; text_font_size=&#8221;18px&#8221; text_line_height=&#8221;1.8em&#8221; global_colors_info=&#8221;{}&#8221;]<\/p>\n<p style=\"text-align: left;\">Il fut un temps o\u00f9 le monde n\u2019avait ni centre, ni r\u00e8gle, ni protecteur l\u00e9gitime. Ce temps, les anciens l\u2019appellent l\u2019\u00c8re des Shinobi. Les hommes et les femmes qui d\u00e9tenaient alors le pouvoir du chakra, \u00e9nergie myst\u00e9rieuse venue du soleil, se croyaient sup\u00e9rieurs \u00e0 leurs semblables. Certains disaient qu\u2019ils \u00e9taient b\u00e9nis des dieux. D\u2019autres affirmaient \u00eatre n\u00e9s avec cette force unique. La v\u00e9rit\u00e9, comme souvent, est plus instable. Ce pouvoir n\u2019\u00e9tait qu\u2019un fragment d\u2019une \u00e9nergie sauvage, pure, brute &#8211; que seuls quelques \u00e9lus pouvaient canaliser. Les plus puissants devinrent chefs de clan. Les clans devinrent royaumes. Et ces royaumes, sans autorit\u00e9 au-dessus d\u2019eux, se livr\u00e8rent \u00e0 des guerres \u00e9ternelles. Chaque conflit laissait derri\u00e8re lui plus de morts que le pr\u00e9c\u00e9dent. Des villages entiers disparaissaient, \u00e9cras\u00e9s sous des jutsus destructeurs. Les esprits des for\u00eats se taisaient. Les saisons elles-m\u00eames semblaient se d\u00e9traquer. Et pourtant, aucun des grands de ce monde ne pensa \u00e0 s\u2019arr\u00eater. Aucun ne s\u2019\u00e9leva pour mettre fin \u00e0 cette spirale.<\/p>\n<p>[\/et_pb_text][\/et_pb_column][\/et_pb_row][et_pb_row admin_label=&#8221;Section Title&#8221; _builder_version=&#8221;4.9.7&#8243; custom_margin=&#8221;22px|auto|45px|auto||&#8221; custom_padding=&#8221;4px|0px|0px|0px||&#8221; locked=&#8221;off&#8221; global_colors_info=&#8221;{}&#8221;][et_pb_column type=&#8221;4_4&#8243; _builder_version=&#8221;3.25&#8243; custom_padding=&#8221;|||&#8221; global_colors_info=&#8221;{}&#8221; custom_padding__hover=&#8221;|||&#8221;][et_pb_text admin_label=&#8221;Title&#8221; _builder_version=&#8221;4.10.8&#8243; text_font=&#8221;Actor|||on|||||&#8221; text_text_color=&#8221;#c4b998&#8243; text_font_size=&#8221;24px&#8221; header_font=&#8221;||||||||&#8221; header_text_align=&#8221;left&#8221; header_font_size=&#8221;23px&#8221; header_2_font=&#8221;Montserrat|600||on|||||&#8221; header_2_text_align=&#8221;left&#8221; header_2_text_color=&#8221;#c4b998&#8243; header_2_font_size=&#8221;31px&#8221; custom_margin=&#8221;||5px|&#8221; animation_style=&#8221;slide&#8221; animation_direction=&#8221;top&#8221; animation_intensity_slide=&#8221;20%&#8221; animation_starting_opacity=&#8221;100%&#8221; global_colors_info=&#8221;{}&#8221;]<\/p>\n<h2>Chapitre II \u2014 Le Kakusei : la fracture du monde et l\u2019\u00e9veil du commandement<\/h2>\n<p>[\/et_pb_text][\/et_pb_column][\/et_pb_row][et_pb_row _builder_version=&#8221;4.9.7&#8243; _module_preset=&#8221;default&#8221; custom_padding=&#8221;4px||12px|||&#8221; global_colors_info=&#8221;{}&#8221;][et_pb_column type=&#8221;4_4&#8243; _builder_version=&#8221;4.9.7&#8243; _module_preset=&#8221;default&#8221; global_colors_info=&#8221;{}&#8221;][et_pb_text _builder_version=&#8221;4.10.8&#8243; _module_preset=&#8221;default&#8221; text_font=&#8221;Montserrat|300|||||||&#8221; text_text_color=&#8221;#c4b998&#8243; text_font_size=&#8221;18px&#8221; text_line_height=&#8221;1.8em&#8221; global_colors_info=&#8221;{}&#8221;]<\/p>\n<p>Le jour du Kakusei fut le point de rupture ultime. Le continent se fendit, la terre s\u2019effondra, et la nuit de la destruction enveloppa le monde. Le chakra, jusque-l\u00e0 source de prodiges, devint poison. Nombreux furent ceux qui sombr\u00e8rent dans la folie, devenant des cr\u00e9atures instables, les Minashigo.<\/p>\n<p>Au milieu de ce chaos, se leva Hidetakadan Borodari, chef des Samoura\u00efs, homme sans chakra, mais porteur d\u2019une volont\u00e9 et d\u2019une sagesse in\u00e9branlables. Il sut imposer un ordre nouveau, tirant parti des querelles internes des Shinobi pour emp\u00eacher toute domination excessive. Il s&#8217;auto-proclama Tenn\u014d, protecteur de la justice et de l&#8217;ordre. Il s\u2019entoura d\u2019anciens Shinobi loyaux, notamment Kitto Kyoko, g\u00e9n\u00e9rale d\u2019exception qui, tout en ma\u00eetrisant encore le chakra, n\u2019en usa que sous ordre direct de Notre Tenn\u014d et uniquement pour prot\u00e9ger le peuple de Yuukan. Par leur expertise, ils d\u00e9velopp\u00e8rent les pierres de chakra, cristaux stabilis\u00e9s permettant un usage strictement d\u00e9fensif de l\u2019\u00e9nergie.<\/p>\n<p>&nbsp;<\/p>\n<p>[\/et_pb_text][\/et_pb_column][\/et_pb_row][et_pb_row admin_label=&#8221;Section Title&#8221; _builder_version=&#8221;4.9.7&#8243; custom_margin=&#8221;22px|auto|45px|auto||&#8221; custom_padding=&#8221;4px|0px|0px|0px||&#8221; locked=&#8221;off&#8221; global_colors_info=&#8221;{}&#8221;][et_pb_column type=&#8221;4_4&#8243; _builder_version=&#8221;3.25&#8243; custom_padding=&#8221;|||&#8221; global_colors_info=&#8221;{}&#8221; custom_padding__hover=&#8221;|||&#8221;][et_pb_text admin_label=&#8221;Title&#8221; _builder_version=&#8221;4.10.8&#8243; text_font=&#8221;Actor|||on|||||&#8221; text_text_color=&#8221;#c4b998&#8243; text_font_size=&#8221;24px&#8221; header_font=&#8221;||||||||&#8221; header_text_align=&#8221;left&#8221; header_font_size=&#8221;23px&#8221; header_2_font=&#8221;Montserrat|600||on|||||&#8221; header_2_text_align=&#8221;left&#8221; header_2_text_color=&#8221;#c4b998&#8243; header_2_font_size=&#8221;31px&#8221; custom_margin=&#8221;||5px|&#8221; animation_style=&#8221;slide&#8221; animation_direction=&#8221;top&#8221; animation_intensity_slide=&#8221;20%&#8221; animation_starting_opacity=&#8221;100%&#8221; global_colors_info=&#8221;{}&#8221;]<\/p>\n<h2>Chapitre III \u2014 L\u2019ordre restaur\u00e9 : alliance, discipline et contr\u00f4le<\/h2>\n<p>[\/et_pb_text][\/et_pb_column][\/et_pb_row][et_pb_row _builder_version=&#8221;4.9.7&#8243; _module_preset=&#8221;default&#8221; custom_padding=&#8221;4px||12px|||&#8221; global_colors_info=&#8221;{}&#8221;][et_pb_column type=&#8221;4_4&#8243; _builder_version=&#8221;4.9.7&#8243; _module_preset=&#8221;default&#8221; global_colors_info=&#8221;{}&#8221;][et_pb_text _builder_version=&#8221;4.10.8&#8243; _module_preset=&#8221;default&#8221; text_font=&#8221;Montserrat|300|||||||&#8221; text_text_color=&#8221;#c4b998&#8243; text_font_size=&#8221;18px&#8221; text_line_height=&#8221;1.8em&#8221; global_colors_info=&#8221;{}&#8221;]<\/p>\n<p>Par sa sagesse, Notre Tenn\u014d accorda sa mis\u00e9ricorde au royaume de Kumo, dernier bastion shinobi, et scella une alliance durable avec le royaume Hattori (gouvern\u00e9 par Hattori Chizue). Ce dernier, ayant renonc\u00e9 \u00e0 l\u2019usage de l\u2019\u00e9nergie spirituelle, assure sa stabilit\u00e9 et sa d\u00e9fense par des moyens mat\u00e9riels : armes perfectionn\u00e9es, poisons sophistiqu\u00e9s, et strat\u00e9gies de terrain rigoureuses.\u00a0<\/p>\n<p>Cette alliance renforce l\u2019\u00e9quilibre pr\u00e9caire de Yuukan, unissant technologie, discipline et savoir ancien. Huit ans apr\u00e8s le Grand \u00c9veil, sous la vigilance de Notre Tenn\u014d, le monde s\u2019efforce de b\u00e2tir une paix durable, o\u00f9 le chakra ne circule plus librement mais uniquement sous le contr\u00f4le strict des Gardes C\u00e9lestes \u00e9quip\u00e9s des pierres de chakra.\u00a0<\/p>\n<p>Les Minashigo restent une menace constante, repouss\u00e9e par cette nouvelle harmonie entre science, pouvoir militaire, et sagesse. De plus, d&#8217;autres groupes terroristes semblent refuser l&#8217;interdiction d&#8217;utilisation de l&#8217;\u00e9nergie.<\/p>\n<p>&nbsp;<\/p>\n<p>[\/et_pb_text][\/et_pb_column][\/et_pb_row][\/et_pb_section]<\/p>\n","protected":false},"excerpt":{"rendered":"<p>Le Grand Livre des \u00c9poquesTome I : L\u2019\u00c8re du Grand \u00c9veilManuel d\u2019histoire imp\u00e9riale, approuv\u00e9 par la Haute Chancellerie et enseign\u00e9 dans toutes les \u00e9coles et acad\u00e9mies.Chapitre I \u2014 L\u2019\u00e8re des Shinobi : chaos et d\u00e9mesureIl fut un temps o\u00f9 le monde n\u2019avait ni centre, ni r\u00e8gle, ni protecteur l\u00e9gitime. Ce temps, les anciens l\u2019appellent l\u2019\u00c8re [&hellip;]<\/p>\n","protected":false},"author":1,"featured_media":0,"parent":0,"menu_order":0,"comment_status":"closed","ping_status":"closed","template":"","meta":{"_et_pb_use_builder":"on","_et_pb_old_content":"","_et_gb_content_width":"","spay_email":""},"_links":{"self":[{"href":"https:\/\/shinobi-rpg.ovh\/annexes\/wp-json\/wp\/v2\/pages\/27019"}],"collection":[{"href":"https:\/\/shinobi-rpg.ovh\/annexes\/wp-json\/wp\/v2\/pages"}],"about":[{"href":"https:\/\/shinobi-rpg.ovh\/annexes\/wp-json\/wp\/v2\/types\/page"}],"author":[{"embeddable":true,"href":"https:\/\/shinobi-rpg.ovh\/annexes\/wp-json\/wp\/v2\/users\/1"}],"replies":[{"embeddable":true,"href":"https:\/\/shinobi-rpg.ovh\/annexes\/wp-json\/wp\/v2\/comments?post=27019"}],"version-history":[{"count":5,"href":"https:\/\/shinobi-rpg.ovh\/annexes\/wp-json\/wp\/v2\/pages\/27019\/revisions"}],"predecessor-version":[{"id":27028,"href":"https:\/\/shinobi-rpg.ovh\/annexes\/wp-json\/wp\/v2\/pages\/27019\/revisions\/27028"}],"wp:attachment":[{"href":"https:\/\/shinobi-rpg.ovh\/annexes\/wp-json\/wp\/v2\/media?parent=27019"}],"curies":[{"name":"wp","href":"https:\/\/api.w.org\/{rel}","templated":true}]}}